{"id":1355,"date":"2022-04-18T02:18:38","date_gmt":"2022-04-18T00:18:38","guid":{"rendered":"https:\/\/omg-ibk.at\/?page_id=1355"},"modified":"2022-11-28T17:31:56","modified_gmt":"2022-11-28T16:31:56","slug":"thomas-feuerstein","status":"publish","type":"page","link":"https:\/\/omg-ibk.at\/en\/thomas-feuerstein\/","title":{"rendered":"Thomas Feuerstein"},"content":{"rendered":"<div data-elementor-type=\"wp-page\" data-elementor-id=\"1355\" class=\"elementor elementor-1355\">\n\t\t\t\t\t\t\t\t\t<section class=\"elementor-section elementor-top-section elementor-element elementor-element-3f9e8df5 elementor-section-full_width animated-slow elementor-section-height-default elementor-section-height-default elementor-invisible\" data-id=\"3f9e8df5\" data-element_type=\"section\" data-settings=\"{&quot;background_background&quot;:&quot;classic&quot;,&quot;sticky&quot;:&quot;top&quot;,&quot;animation&quot;:&quot;fadeIn&quot;,&quot;sticky_on&quot;:[&quot;desktop&quot;,&quot;tablet&quot;,&quot;mobile&quot;],&quot;sticky_offset&quot;:0,&quot;sticky_effects_offset&quot;:0}\">\n\t\t\t\t\t\t<div class=\"elementor-container elementor-column-gap-default\">\n\t\t\t\t\t<div class=\"elementor-column elementor-col-100 elementor-top-column elementor-element elementor-element-b0d5f98\" data-id=\"b0d5f98\" data-element_type=\"column\">\n\t\t\t<div class=\"elementor-widget-wrap elementor-element-populated\">\n\t\t\t\t\t\t\t\t<div class=\"elementor-element elementor-element-1458b25d elementor-align-left elementor-widget elementor-widget-button\" data-id=\"1458b25d\" data-element_type=\"widget\" id=\"slide-0\" data-settings=\"{&quot;sticky&quot;:&quot;top&quot;,&quot;sticky_on&quot;:[&quot;desktop&quot;,&quot;tablet&quot;,&quot;mobile&quot;],&quot;sticky_offset&quot;:0,&quot;sticky_effects_offset&quot;:0}\" data-widget_type=\"button.default\">\n\t\t\t\t<div class=\"elementor-widget-container\">\n\t\t\t\t\t<div class=\"elementor-button-wrapper\">\n\t\t\t<a href=\"https:\/\/omg-ibk.at\/en\/#galery\" class=\"elementor-button-link elementor-button elementor-size-sm elementor-animation-shrink\" role=\"button\">\n\t\t\t\t\t\t<span class=\"elementor-button-content-wrapper\">\n\t\t\t\t\t\t<span class=\"elementor-button-text\">Home<\/span>\n\t\t<\/span>\n\t\t\t\t\t<\/a>\n\t\t<\/div>\n\t\t\t\t<\/div>\n\t\t\t\t<\/div>\n\t\t\t\t\t<\/div>\n\t\t<\/div>\n\t\t\t\t\t\t\t<\/div>\n\t\t<\/section>\n\t\t\t\t<section class=\"elementor-section elementor-top-section elementor-element elementor-element-6afb0280 elementor-section-boxed elementor-section-height-default elementor-section-height-default\" data-id=\"6afb0280\" data-element_type=\"section\" data-settings=\"{&quot;background_background&quot;:&quot;classic&quot;}\">\n\t\t\t\t\t\t<div class=\"elementor-container elementor-column-gap-default\">\n\t\t\t\t\t<div class=\"elementor-column elementor-col-100 elementor-top-column elementor-element elementor-element-33359846\" data-id=\"33359846\" data-element_type=\"column\">\n\t\t\t<div class=\"elementor-widget-wrap elementor-element-populated\">\n\t\t\t\t\t\t\t\t<div class=\"elementor-element elementor-element-679b4fd elementor-widget elementor-widget-heading\" data-id=\"679b4fd\" data-element_type=\"widget\" data-widget_type=\"heading.default\">\n\t\t\t\t<div class=\"elementor-widget-container\">\n\t\t\t<style>\/*! elementor - v3.6.2 - 04-04-2022 *\/\n.elementor-heading-title{padding:0;margin:0;line-height:1}.elementor-widget-heading .elementor-heading-title[class*=elementor-size-]>a{color:inherit;font-size:inherit;line-height:inherit}.elementor-widget-heading .elementor-heading-title.elementor-size-small{font-size:15px}.elementor-widget-heading .elementor-heading-title.elementor-size-medium{font-size:19px}.elementor-widget-heading .elementor-heading-title.elementor-size-large{font-size:29px}.elementor-widget-heading .elementor-heading-title.elementor-size-xl{font-size:39px}.elementor-widget-heading .elementor-heading-title.elementor-size-xxl{font-size:59px}<\/style><h2 class=\"elementor-heading-title elementor-size-default\">Thomas Feuerstein<\/h2>\t\t<\/div>\n\t\t\t\t<\/div>\n\t\t\t\t<div class=\"elementor-element elementor-element-42eb7451 elementor-widget elementor-widget-image\" data-id=\"42eb7451\" data-element_type=\"widget\" data-widget_type=\"image.default\">\n\t\t\t\t<div class=\"elementor-widget-container\">\n\t\t\t<style>\/*! elementor - v3.6.2 - 04-04-2022 *\/\n.elementor-widget-image{text-align:center}.elementor-widget-image a{display:inline-block}.elementor-widget-image a img[src$=\".svg\"]{width:48px}.elementor-widget-image img{vertical-align:middle;display:inline-block}<\/style>\t\t\t\t\t\t\t\t\t<figure class=\"wp-caption\">\n\t\t\t\t\t\t\t\t\t\t<img decoding=\"async\" width=\"768\" height=\"480\" src=\"https:\/\/omg-ibk.at\/wp-content\/uploads\/2022\/04\/1i-768x480.jpg\" class=\"attachment-medium_large size-medium_large\" alt=\"\" loading=\"lazy\" srcset=\"https:\/\/omg-ibk.at\/wp-content\/uploads\/2022\/04\/1i-768x480.jpg 768w, https:\/\/omg-ibk.at\/wp-content\/uploads\/2022\/04\/1i-300x188.jpg 300w, https:\/\/omg-ibk.at\/wp-content\/uploads\/2022\/04\/1i-1024x640.jpg 1024w, https:\/\/omg-ibk.at\/wp-content\/uploads\/2022\/04\/1i-1536x960.jpg 1536w, https:\/\/omg-ibk.at\/wp-content\/uploads\/2022\/04\/1i-2048x1280.jpg 2048w\" sizes=\"(max-width: 768px) 100vw, 768px\" \/>\t\t\t\t\t\t\t\t\t\t\t<figcaption class=\"widget-image-caption wp-caption-text\"><\/figcaption>\n\t\t\t\t\t\t\t\t\t\t<\/figure>\n\t\t\t\t\t\t\t\t\t<\/div>\n\t\t\t\t<\/div>\n\t\t\t\t<div class=\"elementor-element elementor-element-1fc3837a elementor-widget elementor-widget-text-editor\" data-id=\"1fc3837a\" data-element_type=\"widget\" data-widget_type=\"text-editor.default\">\n\t\t\t\t<div class=\"elementor-widget-container\">\n\t\t\t<style>\/*! elementor - v3.6.2 - 04-04-2022 *\/\n.elementor-widget-text-editor.elementor-drop-cap-view-stacked .elementor-drop-cap{background-color:#818a91;color:#fff}.elementor-widget-text-editor.elementor-drop-cap-view-framed .elementor-drop-cap{color:#818a91;border:3px solid;background-color:transparent}.elementor-widget-text-editor:not(.elementor-drop-cap-view-default) .elementor-drop-cap{margin-top:8px}.elementor-widget-text-editor:not(.elementor-drop-cap-view-default) .elementor-drop-cap-letter{width:1em;height:1em}.elementor-widget-text-editor .elementor-drop-cap{float:left;text-align:center;line-height:1;font-size:50px}.elementor-widget-text-editor .elementor-drop-cap-letter{display:inline-block}<\/style>\t\t\t\t<p class=\" translation-block\">Thomas Feuerstein studied art history and philosophy at the University of Innsbruck from 1987 to 1995. In 1992 and 1993 he worked on research assignments on electronic space as well as on art and architecture. From 1997 onwards, he received teaching assignments and guest professorships at the University of Applied Arts Vienna, the University of Music and Theatre Bern, the F+F School for Art and Media Design Zurich, the Intermedia course of study at the Vorarlberg University of Applied Sciences, the Mozarteum Salzburg and the University of Innsbruck. Feuerstein\u2019s works and projects are created in different media. They include installations, environments, BioArt, objects, drawings, paintings, sculptures, photographs, videos, radio plays and net art and encompass processes and transmutations, with specific materialities playing a central role. Materials are used both as carriers of meanings and narratives, and ultimately become actors of art. In the border area of nature, art and science, Feuerstein's works set in motion pataphysical cycles of the production of meaning and possibility, which dissolve distinctions between nature and culture, past and future. Essential aspects are the interplay of linguistic and visual elements, the detection of latent links between facts and fictions as well as the intertwining of art and science. Feuerstein therefore developed the artistic method of \"Conceptual Narration\u201d.<\/p><p><strong><a href=\"http:\/\/www.thomasfeuerstein.net\" target=\"_blank\" rel=\"noopener\">www.thomasfeuerstein.net<\/a><\/strong><\/p>\t\t\t\t\t\t<\/div>\n\t\t\t\t<\/div>\n\t\t\t\t<div class=\"elementor-element elementor-element-7ca1c711 elementor-widget elementor-widget-image\" data-id=\"7ca1c711\" data-element_type=\"widget\" data-widget_type=\"image.default\">\n\t\t\t\t<div class=\"elementor-widget-container\">\n\t\t\t\t\t\t\t\t\t\t\t\t<figure class=\"wp-caption\">\n\t\t\t\t\t\t\t\t\t\t<img decoding=\"async\" width=\"613\" height=\"460\" src=\"https:\/\/omg-ibk.at\/wp-content\/uploads\/2022\/04\/2i.jpg\" class=\"attachment-medium_large size-medium_large\" alt=\"\" loading=\"lazy\" srcset=\"https:\/\/omg-ibk.at\/wp-content\/uploads\/2022\/04\/2i.jpg 613w, https:\/\/omg-ibk.at\/wp-content\/uploads\/2022\/04\/2i-300x225.jpg 300w\" sizes=\"(max-width: 613px) 100vw, 613px\" \/>\t\t\t\t\t\t\t\t\t\t\t<figcaption class=\"widget-image-caption wp-caption-text\"><\/figcaption>\n\t\t\t\t\t\t\t\t\t\t<\/figure>\n\t\t\t\t\t\t\t\t\t<\/div>\n\t\t\t\t<\/div>\n\t\t\t\t<div class=\"elementor-element elementor-element-491574f elementor-widget elementor-widget-text-editor\" data-id=\"491574f\" data-element_type=\"widget\" data-widget_type=\"text-editor.default\">\n\t\t\t\t<div class=\"elementor-widget-container\">\n\t\t\t\t\t\t\t<p>\u201eBORGY &amp; BES\u201c (Thomas Feuerstein, 2018, Neurales-Netzwerk-Installation mit OP-Lampen bei der Consci\u00eancia Cibern\u00e9tica [?] Horizonte Qu\u00e2ntico, im Itau Cultural, in Sao Paulo 2019)<br \/>Fotocredit: Thomas Feuerstein<\/p>\t\t\t\t\t\t<\/div>\n\t\t\t\t<\/div>\n\t\t\t\t<div class=\"elementor-element elementor-element-92c1009 elementor-widget elementor-widget-heading\" data-id=\"92c1009\" data-element_type=\"widget\" data-widget_type=\"heading.default\">\n\t\t\t\t<div class=\"elementor-widget-container\">\n\t\t\t<h2 class=\"elementor-heading-title elementor-size-default\">For the omg ibk...<\/h2>\t\t<\/div>\n\t\t\t\t<\/div>\n\t\t\t\t<div class=\"elementor-element elementor-element-6cd4751b elementor-widget elementor-widget-text-editor\" data-id=\"6cd4751b\" data-element_type=\"widget\" data-widget_type=\"text-editor.default\">\n\t\t\t\t<div class=\"elementor-widget-container\">\n\t\t\t\t\t\t\t<p><span class=\"tojvnm2t a6sixzi8 abs2jz4q a8s20v7p t1p8iaqh k5wvi7nf q3lfd5jv pk4s997a bipmatt0 cebpdrjk qowsmv63 owwhemhu dp1hu0rb dhp61c6y iyyx5f41\">... Thomas Feuerstein, who has been exploring the boundaries between science, art, narration, architecture, design, net culture, and biology for years, reflects on individual stylistic devices that are immediately associated with certain artists and scientists of the last century. The artist already dealt with digital media and the many possibilities they offer in the 90s, when digital art did not enjoy a special reputation. To create his ground-breaking works of art, Feuerstein uses a wide variety of media, some of which are quite unconventional. The Innsbruck native used minced meat for his 2005 work \"Arbeit am Fleisch\" (\u201cWorking the flesh\u201d), for example. In his works, Feuerstein manages to enrich art with science and thus generates added value on an intellectual level for the recipients. His works often take effect through the intricate combination of visual, linguistic, and material attributes, as well as through the uncovering of narrative intersections between fact and fiction. In the course of the first omg ibk exhibition, Thomas Feuerstein will create a designer QR code at the Innsbruck City Library.<\/span><\/p>\t\t\t\t\t\t<\/div>\n\t\t\t\t<\/div>\n\t\t\t\t<div class=\"elementor-element elementor-element-1fa30a5 elementor-widget elementor-widget-heading\" data-id=\"1fa30a5\" data-element_type=\"widget\" data-widget_type=\"heading.default\">\n\t\t\t\t<div class=\"elementor-widget-container\">\n\t\t\t<h2 class=\"elementor-heading-title elementor-size-default\">Werk<\/h2>\t\t<\/div>\n\t\t\t\t<\/div>\n\t\t\t\t<div class=\"elementor-element elementor-element-b122c9f elementor-aspect-ratio-169 elementor-widget elementor-widget-video\" data-id=\"b122c9f\" data-element_type=\"widget\" data-settings=\"{&quot;video_type&quot;:&quot;hosted&quot;,&quot;loop&quot;:&quot;yes&quot;,&quot;controls&quot;:&quot;yes&quot;,&quot;aspect_ratio&quot;:&quot;169&quot;}\" data-widget_type=\"video.default\">\n\t\t\t\t<div class=\"elementor-widget-container\">\n\t\t\t<style>\/*! elementor - v3.6.2 - 04-04-2022 *\/\n.elementor-widget-video .elementor-widget-container{overflow:hidden;-webkit-transform:translateZ(0);transform:translateZ(0)}.elementor-widget-video .elementor-open-inline .elementor-custom-embed-image-overlay{position:absolute;top:0;left:0;width:100%;height:100%;background-size:cover;background-position:50%}.elementor-widget-video .elementor-custom-embed-image-overlay{cursor:pointer;text-align:center}.elementor-widget-video .elementor-custom-embed-image-overlay:hover .elementor-custom-embed-play i{opacity:1}.elementor-widget-video .elementor-custom-embed-image-overlay img{display:block;width:100%}.elementor-widget-video .e-hosted-video .elementor-video{-o-object-fit:cover;object-fit:cover}<\/style>\t\t<div class=\"e-hosted-video elementor-wrapper elementor-fit-aspect-ratio elementor-open-inline\">\n\t\t\t\t\t<video class=\"elementor-video\" src=\"http:\/\/omg-ibk.at\/wp-content\/uploads\/2022\/09\/Thomas-Feuerstein.mp4\" loop=\"\" controls=\"\" controlslist=\"nodownload\"><\/video>\n\t\t\t\t<\/div>\n\t\t\t\t<\/div>\n\t\t\t\t<\/div>\n\t\t\t\t<div class=\"elementor-element elementor-element-110483a elementor-widget elementor-widget-image\" data-id=\"110483a\" data-element_type=\"widget\" data-widget_type=\"image.default\">\n\t\t\t\t<div class=\"elementor-widget-container\">\n\t\t\t\t\t\t\t\t\t\t\t\t\t\t\t<img decoding=\"async\" width=\"257\" height=\"300\" src=\"https:\/\/omg-ibk.at\/wp-content\/uploads\/2022\/10\/Thomas-Feuerstein-Algorith-257x300.png\" class=\"attachment-medium size-medium\" alt=\"\" loading=\"lazy\" srcset=\"https:\/\/omg-ibk.at\/wp-content\/uploads\/2022\/10\/Thomas-Feuerstein-Algorith-257x300.png 257w, https:\/\/omg-ibk.at\/wp-content\/uploads\/2022\/10\/Thomas-Feuerstein-Algorith-878x1024.png 878w, https:\/\/omg-ibk.at\/wp-content\/uploads\/2022\/10\/Thomas-Feuerstein-Algorith-768x896.png 768w, https:\/\/omg-ibk.at\/wp-content\/uploads\/2022\/10\/Thomas-Feuerstein-Algorith-1317x1536.png 1317w, https:\/\/omg-ibk.at\/wp-content\/uploads\/2022\/10\/Thomas-Feuerstein-Algorith-10x12.png 10w, https:\/\/omg-ibk.at\/wp-content\/uploads\/2022\/10\/Thomas-Feuerstein-Algorith.png 1740w\" sizes=\"(max-width: 257px) 100vw, 257px\" \/>\t\t\t\t\t\t\t\t\t\t\t\t\t\t\t<\/div>\n\t\t\t\t<\/div>\n\t\t\t\t<div class=\"elementor-element elementor-element-3c1d7bf elementor-widget elementor-widget-text-editor\" data-id=\"3c1d7bf\" data-element_type=\"widget\" data-widget_type=\"text-editor.default\">\n\t\t\t\t<div class=\"elementor-widget-container\">\n\t\t\t\t\t\t\t<h3>Project location<\/h3>\t\t\t\t\t\t<\/div>\n\t\t\t\t<\/div>\n\t\t\t\t<div class=\"elementor-element elementor-element-7cf22e93 elementor-widget elementor-widget-image\" data-id=\"7cf22e93\" data-element_type=\"widget\" data-widget_type=\"image.default\">\n\t\t\t\t<div class=\"elementor-widget-container\">\n\t\t\t\t\t\t\t\t\t\t\t\t<figure class=\"wp-caption\">\n\t\t\t\t\t\t\t\t\t\t<img decoding=\"async\" width=\"768\" height=\"576\" src=\"https:\/\/omg-ibk.at\/wp-content\/uploads\/2022\/04\/4i-768x576.jpg\" class=\"attachment-medium_large size-medium_large\" alt=\"\" loading=\"lazy\" srcset=\"https:\/\/omg-ibk.at\/wp-content\/uploads\/2022\/04\/4i-768x576.jpg 768w, https:\/\/omg-ibk.at\/wp-content\/uploads\/2022\/04\/4i-300x225.jpg 300w, https:\/\/omg-ibk.at\/wp-content\/uploads\/2022\/04\/4i-1024x768.jpg 1024w, https:\/\/omg-ibk.at\/wp-content\/uploads\/2022\/04\/4i-1536x1152.jpg 1536w, https:\/\/omg-ibk.at\/wp-content\/uploads\/2022\/04\/4i-2048x1536.jpg 2048w\" sizes=\"(max-width: 768px) 100vw, 768px\" \/>\t\t\t\t\t\t\t\t\t\t\t<figcaption class=\"widget-image-caption wp-caption-text\">Fotocredit: Bertram Schrettl<\/figcaption>\n\t\t\t\t\t\t\t\t\t\t<\/figure>\n\t\t\t\t\t\t\t\t\t<\/div>\n\t\t\t\t<\/div>\n\t\t\t\t\t<\/div>\n\t\t<\/div>\n\t\t\t\t\t\t\t<\/div>\n\t\t<\/section>\n\t\t\t\t\t\t\t<\/div>","protected":false},"excerpt":{"rendered":"<p>Zur\u00fcck Thomas Feuerstein Thomas Feuerstein studierte von 1987 bis 1995 Kunstgeschichte und Philosophie an der Universit\u00e4t Innsbruck. Von 1992 bis 1994 gab er gemeinsam mit Klaus Strickner die Zeitschrift Medien.Kunst.Passagen heraus. 1992 gr\u00fcndete er das B\u00fcro f\u00fcr intermedialen Kommunikationstransfer und den Kunstverein medien.kunst.tirol. 1992 und 1993 arbeitete er an Forschungsauftr\u00e4gen zum elektronischen Raum sowie zu [&hellip;]<\/p>","protected":false},"author":1,"featured_media":0,"parent":0,"menu_order":0,"comment_status":"closed","ping_status":"closed","template":"elementor_canvas","meta":{"om_disable_all_campaigns":false,"_monsterinsights_skip_tracking":false,"_monsterinsights_sitenote_active":false,"_monsterinsights_sitenote_note":"","_monsterinsights_sitenote_category":0},"_links":{"self":[{"href":"https:\/\/omg-ibk.at\/en\/wp-json\/wp\/v2\/pages\/1355"}],"collection":[{"href":"https:\/\/omg-ibk.at\/en\/wp-json\/wp\/v2\/pages"}],"about":[{"href":"https:\/\/omg-ibk.at\/en\/wp-json\/wp\/v2\/types\/page"}],"author":[{"embeddable":true,"href":"https:\/\/omg-ibk.at\/en\/wp-json\/wp\/v2\/users\/1"}],"replies":[{"embeddable":true,"href":"https:\/\/omg-ibk.at\/en\/wp-json\/wp\/v2\/comments?post=1355"}],"version-history":[{"count":24,"href":"https:\/\/omg-ibk.at\/en\/wp-json\/wp\/v2\/pages\/1355\/revisions"}],"predecessor-version":[{"id":1889,"href":"https:\/\/omg-ibk.at\/en\/wp-json\/wp\/v2\/pages\/1355\/revisions\/1889"}],"wp:attachment":[{"href":"https:\/\/omg-ibk.at\/en\/wp-json\/wp\/v2\/media?parent=1355"}],"curies":[{"name":"wp","href":"https:\/\/api.w.org\/{rel}","templated":true}]}}