{"id":1345,"date":"2022-04-18T02:10:32","date_gmt":"2022-04-18T00:10:32","guid":{"rendered":"https:\/\/omg-ibk.at\/?page_id=1345"},"modified":"2022-11-28T17:31:53","modified_gmt":"2022-11-28T16:31:53","slug":"nicole-weniger-2","status":"publish","type":"page","link":"https:\/\/omg-ibk.at\/en\/nicole-weniger-2\/","title":{"rendered":"Nicole Weniger"},"content":{"rendered":"<div data-elementor-type=\"wp-page\" data-elementor-id=\"1345\" class=\"elementor elementor-1345\">\n\t\t\t\t\t\t\t\t\t<section class=\"elementor-section elementor-top-section elementor-element elementor-element-3f9e8df5 elementor-section-full_width animated-slow elementor-section-height-default elementor-section-height-default elementor-invisible\" data-id=\"3f9e8df5\" data-element_type=\"section\" data-settings=\"{&quot;background_background&quot;:&quot;classic&quot;,&quot;sticky&quot;:&quot;top&quot;,&quot;animation&quot;:&quot;fadeIn&quot;,&quot;sticky_on&quot;:[&quot;desktop&quot;,&quot;tablet&quot;,&quot;mobile&quot;],&quot;sticky_offset&quot;:0,&quot;sticky_effects_offset&quot;:0}\">\n\t\t\t\t\t\t<div class=\"elementor-container elementor-column-gap-default\">\n\t\t\t\t\t<div class=\"elementor-column elementor-col-100 elementor-top-column elementor-element elementor-element-b0d5f98\" data-id=\"b0d5f98\" data-element_type=\"column\">\n\t\t\t<div class=\"elementor-widget-wrap elementor-element-populated\">\n\t\t\t\t\t\t\t\t<div class=\"elementor-element elementor-element-1458b25d elementor-align-left elementor-widget elementor-widget-button\" data-id=\"1458b25d\" data-element_type=\"widget\" id=\"slide-0\" data-settings=\"{&quot;sticky&quot;:&quot;top&quot;,&quot;sticky_on&quot;:[&quot;desktop&quot;,&quot;tablet&quot;,&quot;mobile&quot;],&quot;sticky_offset&quot;:0,&quot;sticky_effects_offset&quot;:0}\" data-widget_type=\"button.default\">\n\t\t\t\t<div class=\"elementor-widget-container\">\n\t\t\t\t\t<div class=\"elementor-button-wrapper\">\n\t\t\t<a href=\"https:\/\/omg-ibk.at\/en\/#galery\" class=\"elementor-button-link elementor-button elementor-size-sm elementor-animation-shrink\" role=\"button\">\n\t\t\t\t\t\t<span class=\"elementor-button-content-wrapper\">\n\t\t\t\t\t\t<span class=\"elementor-button-text\">Home<\/span>\n\t\t<\/span>\n\t\t\t\t\t<\/a>\n\t\t<\/div>\n\t\t\t\t<\/div>\n\t\t\t\t<\/div>\n\t\t\t\t\t<\/div>\n\t\t<\/div>\n\t\t\t\t\t\t\t<\/div>\n\t\t<\/section>\n\t\t\t\t<section class=\"elementor-section elementor-top-section elementor-element elementor-element-6afb0280 elementor-section-boxed elementor-section-height-default elementor-section-height-default\" data-id=\"6afb0280\" data-element_type=\"section\" data-settings=\"{&quot;background_background&quot;:&quot;classic&quot;}\">\n\t\t\t\t\t\t<div class=\"elementor-container elementor-column-gap-default\">\n\t\t\t\t\t<div class=\"elementor-column elementor-col-100 elementor-top-column elementor-element elementor-element-33359846\" data-id=\"33359846\" data-element_type=\"column\">\n\t\t\t<div class=\"elementor-widget-wrap elementor-element-populated\">\n\t\t\t\t\t\t\t\t<div class=\"elementor-element elementor-element-679b4fd elementor-widget elementor-widget-heading\" data-id=\"679b4fd\" data-element_type=\"widget\" data-widget_type=\"heading.default\">\n\t\t\t\t<div class=\"elementor-widget-container\">\n\t\t\t<style>\/*! elementor - v3.6.2 - 04-04-2022 *\/\n.elementor-heading-title{padding:0;margin:0;line-height:1}.elementor-widget-heading .elementor-heading-title[class*=elementor-size-]>a{color:inherit;font-size:inherit;line-height:inherit}.elementor-widget-heading .elementor-heading-title.elementor-size-small{font-size:15px}.elementor-widget-heading .elementor-heading-title.elementor-size-medium{font-size:19px}.elementor-widget-heading .elementor-heading-title.elementor-size-large{font-size:29px}.elementor-widget-heading .elementor-heading-title.elementor-size-xl{font-size:39px}.elementor-widget-heading .elementor-heading-title.elementor-size-xxl{font-size:59px}<\/style><h2 class=\"elementor-heading-title elementor-size-default\">Nicole Weniger<\/h2>\t\t<\/div>\n\t\t\t\t<\/div>\n\t\t\t\t<div class=\"elementor-element elementor-element-42eb7451 elementor-widget elementor-widget-image\" data-id=\"42eb7451\" data-element_type=\"widget\" data-widget_type=\"image.default\">\n\t\t\t\t<div class=\"elementor-widget-container\">\n\t\t\t<style>\/*! elementor - v3.6.2 - 04-04-2022 *\/\n.elementor-widget-image{text-align:center}.elementor-widget-image a{display:inline-block}.elementor-widget-image a img[src$=\".svg\"]{width:48px}.elementor-widget-image img{vertical-align:middle;display:inline-block}<\/style>\t\t\t\t\t\t\t\t\t<figure class=\"wp-caption\">\n\t\t\t\t\t\t\t\t\t\t<img decoding=\"async\" width=\"768\" height=\"569\" src=\"https:\/\/omg-ibk.at\/wp-content\/uploads\/2022\/04\/1h-768x569.jpg\" class=\"attachment-medium_large size-medium_large\" alt=\"\" loading=\"lazy\" srcset=\"https:\/\/omg-ibk.at\/wp-content\/uploads\/2022\/04\/1h-768x569.jpg 768w, https:\/\/omg-ibk.at\/wp-content\/uploads\/2022\/04\/1h-300x222.jpg 300w, https:\/\/omg-ibk.at\/wp-content\/uploads\/2022\/04\/1h-1024x759.jpg 1024w, https:\/\/omg-ibk.at\/wp-content\/uploads\/2022\/04\/1h-1536x1138.jpg 1536w, https:\/\/omg-ibk.at\/wp-content\/uploads\/2022\/04\/1h-2048x1517.jpg 2048w\" sizes=\"(max-width: 768px) 100vw, 768px\" \/>\t\t\t\t\t\t\t\t\t\t\t<figcaption class=\"widget-image-caption wp-caption-text\"><\/figcaption>\n\t\t\t\t\t\t\t\t\t\t<\/figure>\n\t\t\t\t\t\t\t\t\t<\/div>\n\t\t\t\t<\/div>\n\t\t\t\t<div class=\"elementor-element elementor-element-1fc3837a elementor-widget elementor-widget-text-editor\" data-id=\"1fc3837a\" data-element_type=\"widget\" data-widget_type=\"text-editor.default\">\n\t\t\t\t<div class=\"elementor-widget-container\">\n\t\t\t<style>\/*! elementor - v3.6.2 - 04-04-2022 *\/\n.elementor-widget-text-editor.elementor-drop-cap-view-stacked .elementor-drop-cap{background-color:#818a91;color:#fff}.elementor-widget-text-editor.elementor-drop-cap-view-framed .elementor-drop-cap{color:#818a91;border:3px solid;background-color:transparent}.elementor-widget-text-editor:not(.elementor-drop-cap-view-default) .elementor-drop-cap{margin-top:8px}.elementor-widget-text-editor:not(.elementor-drop-cap-view-default) .elementor-drop-cap-letter{width:1em;height:1em}.elementor-widget-text-editor .elementor-drop-cap{float:left;text-align:center;line-height:1;font-size:50px}.elementor-widget-text-editor .elementor-drop-cap-letter{display:inline-block}<\/style>\t\t\t\t<p class=\" translation-block\">For Nicole Weniger, identity is the most important theme in her artistic work. Questions of belonging, adaptation, social boundaries, and the associated rules of conduct shape her artistic research, which she stages in the multimedia form of performative and photographic interventions. The sociology of space, the relationship of a subject to its environment, be it city or countryside, represents another important aspect. What identity-forming influence does the environment have on people and vice versa?<\/p><p><strong><a href=\"\/en\/www.nicoleweniger.com\/\" target=\"_blank\" rel=\"noopener\">www.nicoleweniger.com<\/a><\/strong><\/p>\t\t\t\t\t\t<\/div>\n\t\t\t\t<\/div>\n\t\t\t\t<div class=\"elementor-element elementor-element-7ca1c711 elementor-widget elementor-widget-image\" data-id=\"7ca1c711\" data-element_type=\"widget\" data-widget_type=\"image.default\">\n\t\t\t\t<div class=\"elementor-widget-container\">\n\t\t\t\t\t\t\t\t\t\t\t\t<figure class=\"wp-caption\">\n\t\t\t\t\t\t\t\t\t\t<img decoding=\"async\" width=\"600\" height=\"404\" src=\"https:\/\/omg-ibk.at\/wp-content\/uploads\/2022\/04\/2h.jpg\" class=\"attachment-medium_large size-medium_large\" alt=\"\" loading=\"lazy\" srcset=\"https:\/\/omg-ibk.at\/wp-content\/uploads\/2022\/04\/2h.jpg 600w, https:\/\/omg-ibk.at\/wp-content\/uploads\/2022\/04\/2h-300x202.jpg 300w\" sizes=\"(max-width: 600px) 100vw, 600px\" \/>\t\t\t\t\t\t\t\t\t\t\t<figcaption class=\"widget-image-caption wp-caption-text\"><\/figcaption>\n\t\t\t\t\t\t\t\t\t\t<\/figure>\n\t\t\t\t\t\t\t\t\t<\/div>\n\t\t\t\t<\/div>\n\t\t\t\t<div class=\"elementor-element elementor-element-22d9a28 elementor-widget elementor-widget-text-editor\" data-id=\"22d9a28\" data-element_type=\"widget\" data-widget_type=\"text-editor.default\">\n\t\t\t\t<div class=\"elementor-widget-container\">\n\t\t\t\t\t\t\t<div class=\"j83agx80\" role=\"none\"><div class=\"j83agx80 buofh1pr g5gj957u hpfvmrgz\" role=\"none\" data-testid=\"message-container\"><div class=\"ns4p8fja j83agx80 cbu4d94t a6sixzi8 bkfpd7mw nred35xi a1xu1aao\" role=\"none\"><div class=\"j83agx80 k4urcfbm\" role=\"none\"><div class=\"ll8tlv6m j83agx80 cbu4d94t d2edcug0 l9j0dhe7\"><div class=\"j83agx80 k4urcfbm\" role=\"none\"><div class=\"cxgpxx05 d1544ag0 sj5x9vvc tw6a2znq l9j0dhe7 ni8dbmo4 stjgntxs qlfml3jp inkptoze jm1wdb64 qv66sw1b ljqsnud1 odn2s2vf tkr6xdv7 jk6sbkaj qttc61fc\" role=\"none\"><div class=\"rq0escxv l9j0dhe7 du4w35lb __fb-dark-mode\" role=\"none\"><div class=\"ii04i59q jq4qci2q g9io39s2 oo9gr5id\" dir=\"auto\" role=\"none\">&#8222;Schreiraum&#8220;, tempor\u00e4re Installation im \u00f6ffentlichen Raum, 2013<\/div><\/div><\/div><\/div><\/div><div class=\"j83agx80 cbu4d94t l9j0dhe7\" tabindex=\"0\" role=\"gridcell\" data-scope=\"messages_table\" data-release-focus-from=\"CLICK\"><div class=\"j83agx80\" role=\"none\"><div class=\"j83agx80 buofh1pr g5gj957u hpfvmrgz\" role=\"none\" data-testid=\"message-container\"><div class=\"ns4p8fja j83agx80 cbu4d94t a6sixzi8 bkfpd7mw nred35xi a1xu1aao\" role=\"none\"><div class=\"j83agx80 k4urcfbm\" role=\"none\"><div class=\"ll8tlv6m j83agx80 cbu4d94t d2edcug0 l9j0dhe7\"><div class=\"j83agx80 k4urcfbm\" role=\"none\"><div class=\"cxgpxx05 d1544ag0 sj5x9vvc tw6a2znq l9j0dhe7 ni8dbmo4 stjgntxs qlfml3jp inkptoze qmr60zad jm1wdb64 qv66sw1b ljqsnud1 odn2s2vf tkr6xdv7 jk6sbkaj\" role=\"none\"><div class=\"rq0escxv l9j0dhe7 du4w35lb __fb-dark-mode\" role=\"none\"><div class=\"ii04i59q jq4qci2q g9io39s2 oo9gr5id\" dir=\"auto\" role=\"none\">Fotocredit: Nicole Weniger<\/div><\/div><\/div><\/div><\/div><\/div><\/div><\/div><\/div><\/div><\/div><\/div><\/div><\/div>\t\t\t\t\t\t<\/div>\n\t\t\t\t<\/div>\n\t\t\t\t<div class=\"elementor-element elementor-element-92c1009 elementor-widget elementor-widget-heading\" data-id=\"92c1009\" data-element_type=\"widget\" data-widget_type=\"heading.default\">\n\t\t\t\t<div class=\"elementor-widget-container\">\n\t\t\t<h2 class=\"elementor-heading-title elementor-size-default\">For the omg ibk...<\/h2>\t\t<\/div>\n\t\t\t\t<\/div>\n\t\t\t\t<div class=\"elementor-element elementor-element-6cd4751b elementor-widget elementor-widget-text-editor\" data-id=\"6cd4751b\" data-element_type=\"widget\" data-widget_type=\"text-editor.default\">\n\t\t\t\t<div class=\"elementor-widget-container\">\n\t\t\t\t\t\t\t<p><span class=\"tojvnm2t a6sixzi8 abs2jz4q a8s20v7p t1p8iaqh k5wvi7nf q3lfd5jv pk4s997a bipmatt0 cebpdrjk qowsmv63 owwhemhu dp1hu0rb dhp61c6y iyyx5f41\">\u00a0... the artist Nicole Weniger has come up with an exciting concept for the north side of the gallery \"Reich f\u00fcr die Insel\", drawing on the basic principles of the Internet \u2013 participation and interactivity. Just like the Internet and Weniger's work, the omg ibk itself is an interactive project. The possibilities for participation and interaction are obligatory both for the variety of content and for the multitude of possibilities that the Internet offers its users.  Nicole Weniger takes up this interactive paradigm with her digital work for the omg ibk and intensifies it once more.<\/span><\/p>\t\t\t\t\t\t<\/div>\n\t\t\t\t<\/div>\n\t\t\t\t<div class=\"elementor-element elementor-element-dbefd95 elementor-widget elementor-widget-heading\" data-id=\"dbefd95\" data-element_type=\"widget\" id=\"werk\" data-widget_type=\"heading.default\">\n\t\t\t\t<div class=\"elementor-widget-container\">\n\t\t\t<h2 class=\"elementor-heading-title elementor-size-default\">Werk<\/h2>\t\t<\/div>\n\t\t\t\t<\/div>\n\t\t\t\t<div class=\"elementor-element elementor-element-c445786 elementor-aspect-ratio-169 elementor-widget elementor-widget-video\" data-id=\"c445786\" data-element_type=\"widget\" data-settings=\"{&quot;video_type&quot;:&quot;hosted&quot;,&quot;controls&quot;:&quot;yes&quot;,&quot;aspect_ratio&quot;:&quot;169&quot;}\" data-widget_type=\"video.default\">\n\t\t\t\t<div class=\"elementor-widget-container\">\n\t\t\t<style>\/*! elementor - v3.6.2 - 04-04-2022 *\/\n.elementor-widget-video .elementor-widget-container{overflow:hidden;-webkit-transform:translateZ(0);transform:translateZ(0)}.elementor-widget-video .elementor-open-inline .elementor-custom-embed-image-overlay{position:absolute;top:0;left:0;width:100%;height:100%;background-size:cover;background-position:50%}.elementor-widget-video .elementor-custom-embed-image-overlay{cursor:pointer;text-align:center}.elementor-widget-video .elementor-custom-embed-image-overlay:hover .elementor-custom-embed-play i{opacity:1}.elementor-widget-video .elementor-custom-embed-image-overlay img{display:block;width:100%}.elementor-widget-video .e-hosted-video .elementor-video{-o-object-fit:cover;object-fit:cover}<\/style>\t\t<div class=\"e-hosted-video elementor-wrapper elementor-fit-aspect-ratio elementor-open-inline\">\n\t\t\t\t\t<video class=\"elementor-video\" src=\"http:\/\/omg-ibk.at\/wp-content\/uploads\/2022\/09\/Nicole-Weniger-Karaoke-Bar.mp4\" controls=\"\" controlslist=\"nodownload\"><\/video>\n\t\t\t\t<\/div>\n\t\t\t\t<\/div>\n\t\t\t\t<\/div>\n\t\t\t\t<div class=\"elementor-element elementor-element-d1bd6b7 elementor-widget elementor-widget-image\" data-id=\"d1bd6b7\" data-element_type=\"widget\" data-widget_type=\"image.default\">\n\t\t\t\t<div class=\"elementor-widget-container\">\n\t\t\t\t\t\t\t\t\t\t\t\t\t\t\t<img decoding=\"async\" width=\"257\" height=\"300\" src=\"https:\/\/omg-ibk.at\/wp-content\/uploads\/2022\/10\/Nicole-Weniger-257x300.png\" class=\"attachment-medium size-medium\" alt=\"\" loading=\"lazy\" srcset=\"https:\/\/omg-ibk.at\/wp-content\/uploads\/2022\/10\/Nicole-Weniger-257x300.png 257w, https:\/\/omg-ibk.at\/wp-content\/uploads\/2022\/10\/Nicole-Weniger-878x1024.png 878w, https:\/\/omg-ibk.at\/wp-content\/uploads\/2022\/10\/Nicole-Weniger-768x896.png 768w, https:\/\/omg-ibk.at\/wp-content\/uploads\/2022\/10\/Nicole-Weniger-1317x1536.png 1317w, https:\/\/omg-ibk.at\/wp-content\/uploads\/2022\/10\/Nicole-Weniger-10x12.png 10w, https:\/\/omg-ibk.at\/wp-content\/uploads\/2022\/10\/Nicole-Weniger.png 1740w\" sizes=\"(max-width: 257px) 100vw, 257px\" \/>\t\t\t\t\t\t\t\t\t\t\t\t\t\t\t<\/div>\n\t\t\t\t<\/div>\n\t\t\t\t<div class=\"elementor-element elementor-element-3c1d7bf elementor-widget elementor-widget-text-editor\" data-id=\"3c1d7bf\" data-element_type=\"widget\" data-widget_type=\"text-editor.default\">\n\t\t\t\t<div class=\"elementor-widget-container\">\n\t\t\t\t\t\t\t<h3>Project location<\/h3>\t\t\t\t\t\t<\/div>\n\t\t\t\t<\/div>\n\t\t\t\t<div class=\"elementor-element elementor-element-7cf22e93 elementor-widget elementor-widget-image\" data-id=\"7cf22e93\" data-element_type=\"widget\" data-widget_type=\"image.default\">\n\t\t\t\t<div class=\"elementor-widget-container\">\n\t\t\t\t\t\t\t\t\t\t\t\t\t\t\t<img decoding=\"async\" width=\"768\" height=\"1024\" src=\"https:\/\/omg-ibk.at\/wp-content\/uploads\/2022\/04\/4h-768x1024.png\" class=\"attachment-medium_large size-medium_large\" alt=\"\" loading=\"lazy\" srcset=\"https:\/\/omg-ibk.at\/wp-content\/uploads\/2022\/04\/4h-768x1024.png 768w, https:\/\/omg-ibk.at\/wp-content\/uploads\/2022\/04\/4h-225x300.png 225w, https:\/\/omg-ibk.at\/wp-content\/uploads\/2022\/04\/4h-1152x1536.png 1152w, https:\/\/omg-ibk.at\/wp-content\/uploads\/2022\/04\/4h-1536x2048.png 1536w\" sizes=\"(max-width: 768px) 100vw, 768px\" \/>\t\t\t\t\t\t\t\t\t\t\t\t\t\t\t<\/div>\n\t\t\t\t<\/div>\n\t\t\t\t\t<\/div>\n\t\t<\/div>\n\t\t\t\t\t\t\t<\/div>\n\t\t<\/section>\n\t\t\t\t\t\t\t<\/div>","protected":false},"excerpt":{"rendered":"<p>Zur\u00fcck Nicole Weniger Identit\u00e4t stellt f\u00fcr Nicole Weniger das wichtigste Thema ihrer k\u00fcnstlerischen Arbeit dar. Fragen nach Zugeh\u00f6rigkeit, Anpassung, sozialer Grenzen und den dazugeh\u00f6rigen Verhaltensregeln, pr\u00e4gen ihre k\u00fcnstlerische Forschung, die sie multimedial, in Form von performativen und fotografischen Interventionen, inszeniert. Die Soziologie des Raumes, der Bezug von Subjekt zur Umgebung, sei es Stadt oder Landschaft, [&hellip;]<\/p>","protected":false},"author":1,"featured_media":0,"parent":0,"menu_order":0,"comment_status":"closed","ping_status":"closed","template":"elementor_canvas","meta":{"om_disable_all_campaigns":false,"_monsterinsights_skip_tracking":false,"_monsterinsights_sitenote_active":false,"_monsterinsights_sitenote_note":"","_monsterinsights_sitenote_category":0},"_links":{"self":[{"href":"https:\/\/omg-ibk.at\/en\/wp-json\/wp\/v2\/pages\/1345"}],"collection":[{"href":"https:\/\/omg-ibk.at\/en\/wp-json\/wp\/v2\/pages"}],"about":[{"href":"https:\/\/omg-ibk.at\/en\/wp-json\/wp\/v2\/types\/page"}],"author":[{"embeddable":true,"href":"https:\/\/omg-ibk.at\/en\/wp-json\/wp\/v2\/users\/1"}],"replies":[{"embeddable":true,"href":"https:\/\/omg-ibk.at\/en\/wp-json\/wp\/v2\/comments?post=1345"}],"version-history":[{"count":33,"href":"https:\/\/omg-ibk.at\/en\/wp-json\/wp\/v2\/pages\/1345\/revisions"}],"predecessor-version":[{"id":1888,"href":"https:\/\/omg-ibk.at\/en\/wp-json\/wp\/v2\/pages\/1345\/revisions\/1888"}],"wp:attachment":[{"href":"https:\/\/omg-ibk.at\/en\/wp-json\/wp\/v2\/media?parent=1345"}],"curies":[{"name":"wp","href":"https:\/\/api.w.org\/{rel}","templated":true}]}}