{"id":1288,"date":"2022-04-18T01:44:28","date_gmt":"2022-04-17T23:44:28","guid":{"rendered":"https:\/\/omg-ibk.at\/?page_id=1288"},"modified":"2022-11-28T17:31:21","modified_gmt":"2022-11-28T16:31:21","slug":"david-prieth","status":"publish","type":"page","link":"https:\/\/omg-ibk.at\/en\/david-prieth\/","title":{"rendered":"David Prieth"},"content":{"rendered":"<div data-elementor-type=\"wp-page\" data-elementor-id=\"1288\" class=\"elementor elementor-1288\">\n\t\t\t\t\t\t\t\t\t<section class=\"elementor-section elementor-top-section elementor-element elementor-element-3f9e8df5 elementor-section-full_width animated-slow elementor-section-height-default elementor-section-height-default elementor-invisible\" data-id=\"3f9e8df5\" data-element_type=\"section\" data-settings=\"{&quot;background_background&quot;:&quot;classic&quot;,&quot;sticky&quot;:&quot;top&quot;,&quot;animation&quot;:&quot;fadeIn&quot;,&quot;sticky_on&quot;:[&quot;desktop&quot;,&quot;tablet&quot;,&quot;mobile&quot;],&quot;sticky_offset&quot;:0,&quot;sticky_effects_offset&quot;:0}\">\n\t\t\t\t\t\t<div class=\"elementor-container elementor-column-gap-default\">\n\t\t\t\t\t<div class=\"elementor-column elementor-col-100 elementor-top-column elementor-element elementor-element-b0d5f98\" data-id=\"b0d5f98\" data-element_type=\"column\">\n\t\t\t<div class=\"elementor-widget-wrap elementor-element-populated\">\n\t\t\t\t\t\t\t\t<div class=\"elementor-element elementor-element-1458b25d elementor-align-left elementor-widget elementor-widget-button\" data-id=\"1458b25d\" data-element_type=\"widget\" id=\"slide-0\" data-settings=\"{&quot;sticky&quot;:&quot;top&quot;,&quot;sticky_on&quot;:[&quot;desktop&quot;,&quot;tablet&quot;,&quot;mobile&quot;],&quot;sticky_offset&quot;:0,&quot;sticky_effects_offset&quot;:0}\" data-widget_type=\"button.default\">\n\t\t\t\t<div class=\"elementor-widget-container\">\n\t\t\t\t\t<div class=\"elementor-button-wrapper\">\n\t\t\t<a href=\"https:\/\/omg-ibk.at\/en\/#galery\" class=\"elementor-button-link elementor-button elementor-size-sm elementor-animation-shrink\" role=\"button\">\n\t\t\t\t\t\t<span class=\"elementor-button-content-wrapper\">\n\t\t\t\t\t\t<span class=\"elementor-button-text\">Home<\/span>\n\t\t<\/span>\n\t\t\t\t\t<\/a>\n\t\t<\/div>\n\t\t\t\t<\/div>\n\t\t\t\t<\/div>\n\t\t\t\t\t<\/div>\n\t\t<\/div>\n\t\t\t\t\t\t\t<\/div>\n\t\t<\/section>\n\t\t\t\t<section class=\"elementor-section elementor-top-section elementor-element elementor-element-6afb0280 elementor-section-boxed elementor-section-height-default elementor-section-height-default\" data-id=\"6afb0280\" data-element_type=\"section\" data-settings=\"{&quot;background_background&quot;:&quot;classic&quot;}\">\n\t\t\t\t\t\t<div class=\"elementor-container elementor-column-gap-default\">\n\t\t\t\t\t<div class=\"elementor-column elementor-col-100 elementor-top-column elementor-element elementor-element-33359846\" data-id=\"33359846\" data-element_type=\"column\">\n\t\t\t<div class=\"elementor-widget-wrap elementor-element-populated\">\n\t\t\t\t\t\t\t\t<div class=\"elementor-element elementor-element-7b1f61e elementor-widget elementor-widget-heading\" data-id=\"7b1f61e\" data-element_type=\"widget\" data-widget_type=\"heading.default\">\n\t\t\t\t<div class=\"elementor-widget-container\">\n\t\t\t<style>\/*! elementor - v3.6.2 - 04-04-2022 *\/\n.elementor-heading-title{padding:0;margin:0;line-height:1}.elementor-widget-heading .elementor-heading-title[class*=elementor-size-]>a{color:inherit;font-size:inherit;line-height:inherit}.elementor-widget-heading .elementor-heading-title.elementor-size-small{font-size:15px}.elementor-widget-heading .elementor-heading-title.elementor-size-medium{font-size:19px}.elementor-widget-heading .elementor-heading-title.elementor-size-large{font-size:29px}.elementor-widget-heading .elementor-heading-title.elementor-size-xl{font-size:39px}.elementor-widget-heading .elementor-heading-title.elementor-size-xxl{font-size:59px}<\/style><h1 class=\"elementor-heading-title elementor-size-default\">David Prieth<\/h1>\t\t<\/div>\n\t\t\t\t<\/div>\n\t\t\t\t<div class=\"elementor-element elementor-element-42eb7451 elementor-widget elementor-widget-image\" data-id=\"42eb7451\" data-element_type=\"widget\" data-widget_type=\"image.default\">\n\t\t\t\t<div class=\"elementor-widget-container\">\n\t\t\t<style>\/*! elementor - v3.6.2 - 04-04-2022 *\/\n.elementor-widget-image{text-align:center}.elementor-widget-image a{display:inline-block}.elementor-widget-image a img[src$=\".svg\"]{width:48px}.elementor-widget-image img{vertical-align:middle;display:inline-block}<\/style>\t\t\t\t\t\t\t\t\t\t\t\t<img decoding=\"async\" width=\"768\" height=\"768\" src=\"https:\/\/omg-ibk.at\/wp-content\/uploads\/2022\/04\/1cQ-768x768.jpg\" class=\"attachment-medium_large size-medium_large\" alt=\"\" loading=\"lazy\" srcset=\"https:\/\/omg-ibk.at\/wp-content\/uploads\/2022\/04\/1cQ-768x768.jpg 768w, https:\/\/omg-ibk.at\/wp-content\/uploads\/2022\/04\/1cQ-300x300.jpg 300w, https:\/\/omg-ibk.at\/wp-content\/uploads\/2022\/04\/1cQ-1024x1024.jpg 1024w, https:\/\/omg-ibk.at\/wp-content\/uploads\/2022\/04\/1cQ-150x150.jpg 150w, https:\/\/omg-ibk.at\/wp-content\/uploads\/2022\/04\/1cQ-1536x1536.jpg 1536w, https:\/\/omg-ibk.at\/wp-content\/uploads\/2022\/04\/1cQ-2048x2048.jpg 2048w\" sizes=\"(max-width: 768px) 100vw, 768px\" \/>\t\t\t\t\t\t\t\t\t\t\t\t\t\t\t<\/div>\n\t\t\t\t<\/div>\n\t\t\t\t<div class=\"elementor-element elementor-element-1fc3837a elementor-widget elementor-widget-text-editor\" data-id=\"1fc3837a\" data-element_type=\"widget\" data-widget_type=\"text-editor.default\">\n\t\t\t\t<div class=\"elementor-widget-container\">\n\t\t\t<style>\/*! elementor - v3.6.2 - 04-04-2022 *\/\n.elementor-widget-text-editor.elementor-drop-cap-view-stacked .elementor-drop-cap{background-color:#818a91;color:#fff}.elementor-widget-text-editor.elementor-drop-cap-view-framed .elementor-drop-cap{color:#818a91;border:3px solid;background-color:transparent}.elementor-widget-text-editor:not(.elementor-drop-cap-view-default) .elementor-drop-cap{margin-top:8px}.elementor-widget-text-editor:not(.elementor-drop-cap-view-default) .elementor-drop-cap-letter{width:1em;height:1em}.elementor-widget-text-editor .elementor-drop-cap{float:left;text-align:center;line-height:1;font-size:50px}.elementor-widget-text-editor .elementor-drop-cap-letter{display:inline-block}<\/style>\t\t\t\t<p><span class=\"tojvnm2t a6sixzi8 abs2jz4q a8s20v7p t1p8iaqh k5wvi7nf q3lfd5jv pk4s997a bipmatt0 cebpdrjk qowsmv63 owwhemhu dp1hu0rb dhp61c6y iyyx5f41\">David Prieth is a cultural worker, activist, artist, and organizer living in Innsbruck. Since 2017 he has been the managing director of the p.m.k in Innsbruck, before which he has headed the events department of the B\u00e4ckerei \u2013 Kulturbackstube for several years. His focus is on the organization of concerts, performances, exhibitions, and discussions, as well as on activism in the (sub)cultural-political field. Since 2017 he has been a board member of the Tiroler Kulturinitiativen, the IG Kultur \u00d6sterreich and since 2019 a member of the supervisory board of the Tiroler Landestheater. He is also a member of the work group on the Innsbruck Cultural Strategy 2030.<\/span><\/p><p><strong><a href=\"http:\/\/www.davidprieth.com\" target=\"_blank\" rel=\"noopener\">www.davidprieth.com<\/a><\/strong><\/p>\t\t\t\t\t\t<\/div>\n\t\t\t\t<\/div>\n\t\t\t\t<div class=\"elementor-element elementor-element-7ca1c711 elementor-widget elementor-widget-image\" data-id=\"7ca1c711\" data-element_type=\"widget\" data-widget_type=\"image.default\">\n\t\t\t\t<div class=\"elementor-widget-container\">\n\t\t\t\t\t\t\t\t\t\t\t\t<figure class=\"wp-caption\">\n\t\t\t\t\t\t\t\t\t\t<img decoding=\"async\" width=\"768\" height=\"512\" src=\"https:\/\/omg-ibk.at\/wp-content\/uploads\/2022\/04\/2c-768x512.jpg\" class=\"attachment-medium_large size-medium_large\" alt=\"\" loading=\"lazy\" srcset=\"https:\/\/omg-ibk.at\/wp-content\/uploads\/2022\/04\/2c-768x512.jpg 768w, https:\/\/omg-ibk.at\/wp-content\/uploads\/2022\/04\/2c-300x200.jpg 300w, https:\/\/omg-ibk.at\/wp-content\/uploads\/2022\/04\/2c-1024x682.jpg 1024w, https:\/\/omg-ibk.at\/wp-content\/uploads\/2022\/04\/2c-1536x1024.jpg 1536w, https:\/\/omg-ibk.at\/wp-content\/uploads\/2022\/04\/2c.jpg 2000w\" sizes=\"(max-width: 768px) 100vw, 768px\" \/>\t\t\t\t\t\t\t\t\t\t\t<figcaption class=\"widget-image-caption wp-caption-text\"><\/figcaption>\n\t\t\t\t\t\t\t\t\t\t<\/figure>\n\t\t\t\t\t\t\t\t\t<\/div>\n\t\t\t\t<\/div>\n\t\t\t\t<div class=\"elementor-element elementor-element-14de914 elementor-widget elementor-widget-text-editor\" data-id=\"14de914\" data-element_type=\"widget\" data-widget_type=\"text-editor.default\">\n\t\t\t\t<div class=\"elementor-widget-container\">\n\t\t\t\t\t\t\t<p>\u201eTear Down The Borders Of Fortress Europe\u201c (David Prieth, 2021, Installation in the public room as part of<br \/>\u201eMagic Carpets Landed\u201c in Kaunas, Litauen)<br \/>Photocredit: Gintare Zaltauskaite<\/p>\t\t\t\t\t\t<\/div>\n\t\t\t\t<\/div>\n\t\t\t\t<div class=\"elementor-element elementor-element-e1a5133 elementor-widget elementor-widget-heading\" data-id=\"e1a5133\" data-element_type=\"widget\" data-widget_type=\"heading.default\">\n\t\t\t\t<div class=\"elementor-widget-container\">\n\t\t\t<h2 class=\"elementor-heading-title elementor-size-default\">For the omg ibk...<\/h2>\t\t<\/div>\n\t\t\t\t<\/div>\n\t\t\t\t<div class=\"elementor-element elementor-element-6cd4751b elementor-widget elementor-widget-text-editor\" data-id=\"6cd4751b\" data-element_type=\"widget\" data-widget_type=\"text-editor.default\">\n\t\t\t\t<div class=\"elementor-widget-container\">\n\t\t\t\t\t\t\t<p><span class=\"tojvnm2t a6sixzi8 abs2jz4q a8s20v7p t1p8iaqh k5wvi7nf q3lfd5jv pk4s997a bipmatt0 cebpdrjk qowsmv63 owwhemhu dp1hu0rb dhp61c6y iyyx5f41\">... David Prieth \u2013 a true jack-of-all-trades in the local art and culture scene, even though he is only 35 years old \u2013 is creating a digital work that will eventually be on display at\/on the Galerie am Claudiaplatz.\nThe anglicist and comparatist who, among other things, works as organizer, managing director of the p.m.k., is a board member of the TKI and member of the supervisory board of the Tiroler Landestheater &amp; Orchester GmbH, has been working as a cultural-political mouthpiece for the interests of artists and organizers nationwide for years.  \nPrieth is a political person and artist through and through; he seeks discourse and never shies away from putting his finger in open wounds. Prieth thereby always shows stamina,  for example when the \"dramaturgy\" of an \"interactive\" artistic work culminated in an injunction by HC Strache (former club chairman and member of the National Council of the FP\u00d6). \nSo it will be interesting to see what digital work David Prieth has prepared for the Galerie am Claudiaplatz. <br \/>Der Anglist und Komparatist, der u.a. als Veranstalter, Gesch\u00e4ftsf\u00fchrer der p.m.k., Vorstandsmitglied der TKI und Aufsichtsratsmitglied der Tiroler Landestheater &amp; Orchester GmbH t\u00e4tig ist, verschafft sich seit Jahren als kulturpolitisches Sprachrohr f\u00fcrdie Interessen von K\u00fcnstler*innen und Veranstalter*innen bundesweit Geh\u00f6r. <br \/>Prieth ist durch und durch ein politischer Mensch und K\u00fcnstler, der den Diskurs sucht und nie davor zur\u00fcckschreckt seinen Finger in offene Wunden zu legen. Dabei zeigt Prieth insbesondere Stehverm\u00f6gen, wenn bspw. die \u201eDramaturgie\u201c einer \u201einteraktiven\u201c k\u00fcnstlerischen Arbeit in einer Unterlassungsklage durch HC Strache (einstiger Clubobmann und Nationalratsmitglied der FP\u00d6) gipfelt. <br \/>Man darf also bereits darauf gespannt sein, welche digitale Arbeit David Prieth f\u00fcr die Galerie am Claudiaplatz vorbereitet hat.<\/span><\/p>\t\t\t\t\t\t<\/div>\n\t\t\t\t<\/div>\n\t\t\t\t<div class=\"elementor-element elementor-element-31a0bf4 elementor-widget elementor-widget-heading\" data-id=\"31a0bf4\" data-element_type=\"widget\" id=\"werk\" data-widget_type=\"heading.default\">\n\t\t\t\t<div class=\"elementor-widget-container\">\n\t\t\t<h2 class=\"elementor-heading-title elementor-size-default\">Werk<\/h2>\t\t<\/div>\n\t\t\t\t<\/div>\n\t\t\t\t<div class=\"elementor-element elementor-element-5068483 elementor-aspect-ratio-169 elementor-widget elementor-widget-video\" data-id=\"5068483\" data-element_type=\"widget\" data-settings=\"{&quot;video_type&quot;:&quot;hosted&quot;,&quot;loop&quot;:&quot;yes&quot;,&quot;controls&quot;:&quot;yes&quot;,&quot;aspect_ratio&quot;:&quot;169&quot;}\" data-widget_type=\"video.default\">\n\t\t\t\t<div class=\"elementor-widget-container\">\n\t\t\t<style>\/*! elementor - v3.6.2 - 04-04-2022 *\/\n.elementor-widget-video .elementor-widget-container{overflow:hidden;-webkit-transform:translateZ(0);transform:translateZ(0)}.elementor-widget-video .elementor-open-inline .elementor-custom-embed-image-overlay{position:absolute;top:0;left:0;width:100%;height:100%;background-size:cover;background-position:50%}.elementor-widget-video .elementor-custom-embed-image-overlay{cursor:pointer;text-align:center}.elementor-widget-video .elementor-custom-embed-image-overlay:hover .elementor-custom-embed-play i{opacity:1}.elementor-widget-video .elementor-custom-embed-image-overlay img{display:block;width:100%}.elementor-widget-video .e-hosted-video .elementor-video{-o-object-fit:cover;object-fit:cover}<\/style>\t\t<div class=\"e-hosted-video elementor-wrapper elementor-fit-aspect-ratio elementor-open-inline\">\n\t\t\t\t\t<video class=\"elementor-video\" src=\"http:\/\/omg-ibk.at\/wp-content\/uploads\/2022\/09\/David-Prieth-der-gast-weiss-nicht-was-er-will..mp4\" loop=\"\" controls=\"\" controlslist=\"nodownload\"><\/video>\n\t\t\t\t<\/div>\n\t\t\t\t<\/div>\n\t\t\t\t<\/div>\n\t\t\t\t<div class=\"elementor-element elementor-element-2e4769b elementor-widget elementor-widget-image\" data-id=\"2e4769b\" data-element_type=\"widget\" data-widget_type=\"image.default\">\n\t\t\t\t<div class=\"elementor-widget-container\">\n\t\t\t\t\t\t\t\t\t\t\t\t\t\t\t<img decoding=\"async\" width=\"257\" height=\"300\" src=\"https:\/\/omg-ibk.at\/wp-content\/uploads\/2022\/10\/David-Prieth-257x300.png\" class=\"attachment-medium size-medium\" alt=\"\" loading=\"lazy\" srcset=\"https:\/\/omg-ibk.at\/wp-content\/uploads\/2022\/10\/David-Prieth-257x300.png 257w, https:\/\/omg-ibk.at\/wp-content\/uploads\/2022\/10\/David-Prieth-878x1024.png 878w, https:\/\/omg-ibk.at\/wp-content\/uploads\/2022\/10\/David-Prieth-768x896.png 768w, https:\/\/omg-ibk.at\/wp-content\/uploads\/2022\/10\/David-Prieth-1317x1536.png 1317w, https:\/\/omg-ibk.at\/wp-content\/uploads\/2022\/10\/David-Prieth-10x12.png 10w, https:\/\/omg-ibk.at\/wp-content\/uploads\/2022\/10\/David-Prieth.png 1740w\" sizes=\"(max-width: 257px) 100vw, 257px\" \/>\t\t\t\t\t\t\t\t\t\t\t\t\t\t\t<\/div>\n\t\t\t\t<\/div>\n\t\t\t\t<div class=\"elementor-element elementor-element-3c1d7bf elementor-widget elementor-widget-text-editor\" data-id=\"3c1d7bf\" data-element_type=\"widget\" data-widget_type=\"text-editor.default\">\n\t\t\t\t<div class=\"elementor-widget-container\">\n\t\t\t\t\t\t\t<h3><span class=\"tojvnm2t a6sixzi8 abs2jz4q a8s20v7p t1p8iaqh k5wvi7nf q3lfd5jv pk4s997a bipmatt0 cebpdrjk qowsmv63 owwhemhu dp1hu0rb dhp61c6y iyyx5f41\">Project location <\/span><\/h3>\t\t\t\t\t\t<\/div>\n\t\t\t\t<\/div>\n\t\t\t\t<div class=\"elementor-element elementor-element-7cf22e93 elementor-widget elementor-widget-image\" data-id=\"7cf22e93\" data-element_type=\"widget\" data-widget_type=\"image.default\">\n\t\t\t\t<div class=\"elementor-widget-container\">\n\t\t\t\t\t\t\t\t\t\t\t\t\t\t\t<img decoding=\"async\" width=\"768\" height=\"576\" src=\"https:\/\/omg-ibk.at\/wp-content\/uploads\/2022\/04\/4c-768x576.jpg\" class=\"attachment-medium_large size-medium_large\" alt=\"\" loading=\"lazy\" srcset=\"https:\/\/omg-ibk.at\/wp-content\/uploads\/2022\/04\/4c-768x576.jpg 768w, https:\/\/omg-ibk.at\/wp-content\/uploads\/2022\/04\/4c-300x225.jpg 300w, https:\/\/omg-ibk.at\/wp-content\/uploads\/2022\/04\/4c-1024x768.jpg 1024w, https:\/\/omg-ibk.at\/wp-content\/uploads\/2022\/04\/4c-1536x1152.jpg 1536w, https:\/\/omg-ibk.at\/wp-content\/uploads\/2022\/04\/4c-2048x1536.jpg 2048w\" sizes=\"(max-width: 768px) 100vw, 768px\" \/>\t\t\t\t\t\t\t\t\t\t\t\t\t\t\t<\/div>\n\t\t\t\t<\/div>\n\t\t\t\t\t<\/div>\n\t\t<\/div>\n\t\t\t\t\t\t\t<\/div>\n\t\t<\/section>\n\t\t\t\t\t\t\t<\/div>","protected":false},"excerpt":{"rendered":"<p>Zur\u00fcck David Prieth David Prieth ist ein in Innsbruck lebender Kulturarbeiter, Aktivist, K\u00fcnstler und Veranstalter. Seit 2017 ist er Gesch\u00e4ftsf\u00fchrer der p.m.k in Innsbruck, zuvor leitete er mehrere Jahre das Veranstaltungsressort der B\u00e4ckerei \u2013 Kulturbackstube. Schwerpunkte betreffen das Organisieren von Konzerten, Performances, Ausstellungen und Diskussionen, sowie Aktivismus im (sub)kulturpolitischen Bereich. Seit 2017 ist er Vorstandsmitglied [&hellip;]<\/p>","protected":false},"author":1,"featured_media":0,"parent":0,"menu_order":0,"comment_status":"closed","ping_status":"closed","template":"elementor_canvas","meta":{"om_disable_all_campaigns":false,"_monsterinsights_skip_tracking":false,"_monsterinsights_sitenote_active":false,"_monsterinsights_sitenote_note":"","_monsterinsights_sitenote_category":0},"_links":{"self":[{"href":"https:\/\/omg-ibk.at\/en\/wp-json\/wp\/v2\/pages\/1288"}],"collection":[{"href":"https:\/\/omg-ibk.at\/en\/wp-json\/wp\/v2\/pages"}],"about":[{"href":"https:\/\/omg-ibk.at\/en\/wp-json\/wp\/v2\/types\/page"}],"author":[{"embeddable":true,"href":"https:\/\/omg-ibk.at\/en\/wp-json\/wp\/v2\/users\/1"}],"replies":[{"embeddable":true,"href":"https:\/\/omg-ibk.at\/en\/wp-json\/wp\/v2\/comments?post=1288"}],"version-history":[{"count":39,"href":"https:\/\/omg-ibk.at\/en\/wp-json\/wp\/v2\/pages\/1288\/revisions"}],"predecessor-version":[{"id":1893,"href":"https:\/\/omg-ibk.at\/en\/wp-json\/wp\/v2\/pages\/1288\/revisions\/1893"}],"wp:attachment":[{"href":"https:\/\/omg-ibk.at\/en\/wp-json\/wp\/v2\/media?parent=1288"}],"curies":[{"name":"wp","href":"https:\/\/api.w.org\/{rel}","templated":true}]}}