{"id":1224,"date":"2022-04-17T21:22:33","date_gmt":"2022-04-17T19:22:33","guid":{"rendered":"https:\/\/omg-ibk.at\/?page_id=1224"},"modified":"2022-11-28T17:31:43","modified_gmt":"2022-11-28T16:31:43","slug":"christian-hinterhuber-hoolschopper","status":"publish","type":"page","link":"https:\/\/omg-ibk.at\/en\/christian-hinterhuber-hoolschopper\/","title":{"rendered":"Christoph Hinterhuber &#038; Hoolschopper"},"content":{"rendered":"<div data-elementor-type=\"wp-page\" data-elementor-id=\"1224\" class=\"elementor elementor-1224\">\n\t\t\t\t\t\t\t\t\t<section class=\"elementor-section elementor-top-section elementor-element elementor-element-3f9e8df5 elementor-section-full_width animated-slow elementor-section-height-default elementor-section-height-default elementor-invisible\" data-id=\"3f9e8df5\" data-element_type=\"section\" data-settings=\"{&quot;background_background&quot;:&quot;classic&quot;,&quot;sticky&quot;:&quot;top&quot;,&quot;animation&quot;:&quot;fadeIn&quot;,&quot;sticky_on&quot;:[&quot;desktop&quot;,&quot;tablet&quot;,&quot;mobile&quot;],&quot;sticky_offset&quot;:0,&quot;sticky_effects_offset&quot;:0}\">\n\t\t\t\t\t\t<div class=\"elementor-container elementor-column-gap-default\">\n\t\t\t\t\t<div class=\"elementor-column elementor-col-100 elementor-top-column elementor-element elementor-element-b0d5f98\" data-id=\"b0d5f98\" data-element_type=\"column\">\n\t\t\t<div class=\"elementor-widget-wrap elementor-element-populated\">\n\t\t\t\t\t\t\t\t<div class=\"elementor-element elementor-element-1458b25d elementor-align-left elementor-widget elementor-widget-button\" data-id=\"1458b25d\" data-element_type=\"widget\" id=\"slide-0\" data-settings=\"{&quot;sticky&quot;:&quot;top&quot;,&quot;sticky_on&quot;:[&quot;desktop&quot;,&quot;tablet&quot;,&quot;mobile&quot;],&quot;sticky_offset&quot;:0,&quot;sticky_effects_offset&quot;:0}\" data-widget_type=\"button.default\">\n\t\t\t\t<div class=\"elementor-widget-container\">\n\t\t\t\t\t<div class=\"elementor-button-wrapper\">\n\t\t\t<a href=\"https:\/\/omg-ibk.at\/en\/#galery\" class=\"elementor-button-link elementor-button elementor-size-sm elementor-animation-shrink\" role=\"button\">\n\t\t\t\t\t\t<span class=\"elementor-button-content-wrapper\">\n\t\t\t\t\t\t<span class=\"elementor-button-text\">Home<\/span>\n\t\t<\/span>\n\t\t\t\t\t<\/a>\n\t\t<\/div>\n\t\t\t\t<\/div>\n\t\t\t\t<\/div>\n\t\t\t\t\t<\/div>\n\t\t<\/div>\n\t\t\t\t\t\t\t<\/div>\n\t\t<\/section>\n\t\t\t\t<section class=\"elementor-section elementor-top-section elementor-element elementor-element-6afb0280 elementor-section-boxed elementor-section-height-default elementor-section-height-default\" data-id=\"6afb0280\" data-element_type=\"section\" data-settings=\"{&quot;background_background&quot;:&quot;classic&quot;}\">\n\t\t\t\t\t\t<div class=\"elementor-container elementor-column-gap-default\">\n\t\t\t\t\t<div class=\"elementor-column elementor-col-100 elementor-top-column elementor-element elementor-element-33359846\" data-id=\"33359846\" data-element_type=\"column\">\n\t\t\t<div class=\"elementor-widget-wrap elementor-element-populated\">\n\t\t\t\t\t\t\t\t<div class=\"elementor-element elementor-element-7b1f61e elementor-widget elementor-widget-heading\" data-id=\"7b1f61e\" data-element_type=\"widget\" data-widget_type=\"heading.default\">\n\t\t\t\t<div class=\"elementor-widget-container\">\n\t\t\t<style>\/*! elementor - v3.6.2 - 04-04-2022 *\/\n.elementor-heading-title{padding:0;margin:0;line-height:1}.elementor-widget-heading .elementor-heading-title[class*=elementor-size-]>a{color:inherit;font-size:inherit;line-height:inherit}.elementor-widget-heading .elementor-heading-title.elementor-size-small{font-size:15px}.elementor-widget-heading .elementor-heading-title.elementor-size-medium{font-size:19px}.elementor-widget-heading .elementor-heading-title.elementor-size-large{font-size:29px}.elementor-widget-heading .elementor-heading-title.elementor-size-xl{font-size:39px}.elementor-widget-heading .elementor-heading-title.elementor-size-xxl{font-size:59px}<\/style><h1 class=\"elementor-heading-title elementor-size-default\">Christoph Hinterhuber<\/h1>\t\t<\/div>\n\t\t\t\t<\/div>\n\t\t\t\t<div class=\"elementor-element elementor-element-42eb7451 elementor-widget elementor-widget-image\" data-id=\"42eb7451\" data-element_type=\"widget\" data-widget_type=\"image.default\">\n\t\t\t\t<div class=\"elementor-widget-container\">\n\t\t\t<style>\/*! elementor - v3.6.2 - 04-04-2022 *\/\n.elementor-widget-image{text-align:center}.elementor-widget-image a{display:inline-block}.elementor-widget-image a img[src$=\".svg\"]{width:48px}.elementor-widget-image img{vertical-align:middle;display:inline-block}<\/style>\t\t\t\t\t\t\t\t\t<figure class=\"wp-caption\">\n\t\t\t\t\t\t\t\t\t\t<img decoding=\"async\" width=\"800\" height=\"534\" src=\"https:\/\/omg-ibk.at\/wp-content\/uploads\/2022\/04\/1a.jpg\" class=\"attachment-large size-large\" alt=\"\" loading=\"lazy\" srcset=\"https:\/\/omg-ibk.at\/wp-content\/uploads\/2022\/04\/1a.jpg 1024w, https:\/\/omg-ibk.at\/wp-content\/uploads\/2022\/04\/1a-300x200.jpg 300w, https:\/\/omg-ibk.at\/wp-content\/uploads\/2022\/04\/1a-768x512.jpg 768w\" sizes=\"(max-width: 800px) 100vw, 800px\" \/>\t\t\t\t\t\t\t\t\t\t\t<figcaption class=\"widget-image-caption wp-caption-text\">Fotocredit: Rainer Iglar<\/figcaption>\n\t\t\t\t\t\t\t\t\t\t<\/figure>\n\t\t\t\t\t\t\t\t\t<\/div>\n\t\t\t\t<\/div>\n\t\t\t\t<div class=\"elementor-element elementor-element-1fc3837a elementor-widget elementor-widget-text-editor\" data-id=\"1fc3837a\" data-element_type=\"widget\" data-widget_type=\"text-editor.default\">\n\t\t\t\t<div class=\"elementor-widget-container\">\n\t\t\t<style>\/*! elementor - v3.6.2 - 04-04-2022 *\/\n.elementor-widget-text-editor.elementor-drop-cap-view-stacked .elementor-drop-cap{background-color:#818a91;color:#fff}.elementor-widget-text-editor.elementor-drop-cap-view-framed .elementor-drop-cap{color:#818a91;border:3px solid;background-color:transparent}.elementor-widget-text-editor:not(.elementor-drop-cap-view-default) .elementor-drop-cap{margin-top:8px}.elementor-widget-text-editor:not(.elementor-drop-cap-view-default) .elementor-drop-cap-letter{width:1em;height:1em}.elementor-widget-text-editor .elementor-drop-cap{float:left;text-align:center;line-height:1;font-size:50px}.elementor-widget-text-editor .elementor-drop-cap-letter{display:inline-block}<\/style>\t\t\t\t<p class=\" translation-block\">Christoph Hinterhuber works with a strongly conceptual approach that is characterized by digital content. His work focuses on questions of abstraction and space from different angles. Image, action, digital, virtual, semiotic, architectural, linguistic, sound, public, social, cognitive, and historical rooms are interwoven. Hinterhuber's works develop complex media solutions and move in a broad field encompassing painting, mural painting, neon systems, installation, 3D computer animation, graphics, performance, speech, and techno sound. He created numerous large-format projects on art in public space, permanent installations, site-specific art, art, and architecture. In 2020, Hinterhuber's 55 m long large-format neon installation de-decode de-recode re-decode re-recode, which was already shown at the Kunsthalle Wien in 2006, was relocated onto the roof of the Tiroler Landesmuseum Ferdinandeum (Tyrolean State Museum).<\/p><p><strong><a href=\"http:\/\/www.chinterhuber.com\" target=\"_blank\" rel=\"noopener\">www.chinterhuber.com<\/a><\/strong><\/p>\t\t\t\t\t\t<\/div>\n\t\t\t\t<\/div>\n\t\t\t\t<div class=\"elementor-element elementor-element-7ca1c711 elementor-widget elementor-widget-image\" data-id=\"7ca1c711\" data-element_type=\"widget\" data-widget_type=\"image.default\">\n\t\t\t\t<div class=\"elementor-widget-container\">\n\t\t\t\t\t\t\t\t\t\t\t\t<figure class=\"wp-caption\">\n\t\t\t\t\t\t\t\t\t\t<img decoding=\"async\" width=\"768\" height=\"512\" src=\"https:\/\/omg-ibk.at\/wp-content\/uploads\/2022\/04\/2a-768x512.jpg\" class=\"attachment-medium_large size-medium_large\" alt=\"\" loading=\"lazy\" srcset=\"https:\/\/omg-ibk.at\/wp-content\/uploads\/2022\/04\/2a-768x512.jpg 768w, https:\/\/omg-ibk.at\/wp-content\/uploads\/2022\/04\/2a-300x200.jpg 300w, https:\/\/omg-ibk.at\/wp-content\/uploads\/2022\/04\/2a-1024x683.jpg 1024w, https:\/\/omg-ibk.at\/wp-content\/uploads\/2022\/04\/2a.jpg 1050w\" sizes=\"(max-width: 768px) 100vw, 768px\" \/>\t\t\t\t\t\t\t\t\t\t\t<figcaption class=\"widget-image-caption wp-caption-text\"><\/figcaption>\n\t\t\t\t\t\t\t\t\t\t<\/figure>\n\t\t\t\t\t\t\t\t\t<\/div>\n\t\t\t\t<\/div>\n\t\t\t\t<div class=\"elementor-element elementor-element-50d15da elementor-widget elementor-widget-text-editor\" data-id=\"50d15da\" data-element_type=\"widget\" data-widget_type=\"text-editor.default\">\n\t\t\t\t<div class=\"elementor-widget-container\">\n\t\t\t\t\t\t\t<p>\u201ede-decode de-recode re-decode re-recode\u201c (Hinterhuber, 2020, Neonanlage &#8211; permanente Installation, Tiroler Landesmuseum Ferdinandeum Innsbruck, 90 cm \u00d7 5600 cm)<\/p><p>Fotocredit: TLM, Standard<\/p>\t\t\t\t\t\t<\/div>\n\t\t\t\t<\/div>\n\t\t\t\t<div class=\"elementor-element elementor-element-679b4fd elementor-widget elementor-widget-heading\" data-id=\"679b4fd\" data-element_type=\"widget\" data-widget_type=\"heading.default\">\n\t\t\t\t<div class=\"elementor-widget-container\">\n\t\t\t<h3 class=\"elementor-heading-title elementor-size-default\">Hoolshopper<\/h3>\t\t<\/div>\n\t\t\t\t<\/div>\n\t\t\t\t<div class=\"elementor-element elementor-element-0add59a elementor-widget elementor-widget-image\" data-id=\"0add59a\" data-element_type=\"widget\" data-widget_type=\"image.default\">\n\t\t\t\t<div class=\"elementor-widget-container\">\n\t\t\t\t\t\t\t\t\t\t\t\t\t\t\t<img decoding=\"async\" width=\"800\" height=\"800\" src=\"https:\/\/omg-ibk.at\/wp-content\/uploads\/2022\/04\/4a.jpg\" class=\"attachment-large size-large\" alt=\"\" loading=\"lazy\" srcset=\"https:\/\/omg-ibk.at\/wp-content\/uploads\/2022\/04\/4a.jpg 825w, https:\/\/omg-ibk.at\/wp-content\/uploads\/2022\/04\/4a-300x300.jpg 300w, https:\/\/omg-ibk.at\/wp-content\/uploads\/2022\/04\/4a-150x150.jpg 150w, https:\/\/omg-ibk.at\/wp-content\/uploads\/2022\/04\/4a-768x768.jpg 768w\" sizes=\"(max-width: 800px) 100vw, 800px\" \/>\t\t\t\t\t\t\t\t\t\t\t\t\t\t\t<\/div>\n\t\t\t\t<\/div>\n\t\t\t\t<div class=\"elementor-element elementor-element-7c45b91 elementor-widget elementor-widget-text-editor\" data-id=\"7c45b91\" data-element_type=\"widget\" data-widget_type=\"text-editor.default\">\n\t\t\t\t<div class=\"elementor-widget-container\">\n\t\t\t\t\t\t\t<p>HOOLSHOPPER (Rene Nuderscher) makes experimental noise, soft rock, tape manipulation and \"generates intense and dynamically peculiar sound carpets from purely analog sources. The general spectacle is to be set against a different condensation of time. \"<br \/><span class=\"tojvnm2t a6sixzi8 abs2jz4q a8s20v7p t1p8iaqh k5wvi7nf q3lfd5jv pk4s997a bipmatt0 cebpdrjk qowsmv63 owwhemhu dp1hu0rb dhp61c6y iyyx5f41\"><a href=\"http:\/\/www.hoolshopper.bandcamp.com\" target=\"_blank\" rel=\"noopener\"><strong>www.hoolshopper.bandcamp.com<\/strong><\/a><\/span><\/p>\t\t\t\t\t\t<\/div>\n\t\t\t\t<\/div>\n\t\t\t\t<div class=\"elementor-element elementor-element-e1a5133 elementor-widget elementor-widget-heading\" data-id=\"e1a5133\" data-element_type=\"widget\" data-widget_type=\"heading.default\">\n\t\t\t\t<div class=\"elementor-widget-container\">\n\t\t\t<h3 class=\"elementor-heading-title elementor-size-default\">For the omg ibk...<\/h3>\t\t<\/div>\n\t\t\t\t<\/div>\n\t\t\t\t<div class=\"elementor-element elementor-element-6cd4751b elementor-widget elementor-widget-text-editor\" data-id=\"6cd4751b\" data-element_type=\"widget\" data-widget_type=\"text-editor.default\">\n\t\t\t\t<div class=\"elementor-widget-container\">\n\t\t\t\t\t\t\t<p><span class=\"tojvnm2t a6sixzi8 abs2jz4q a8s20v7p t1p8iaqh k5wvi7nf q3lfd5jv pk4s997a bipmatt0 cebpdrjk qowsmv63 owwhemhu dp1hu0rb dhp61c6y iyyx5f41\">... the internationally renowned artist Christoph Hinterhuber and the electronic-experimental sound artist Hoolshopper have come up with an audio-visual concept for the first station \"L\u00f6wenhaus\" of the Innsbruck Nordkettenbahn (Nordkette Cable Car). With the station \"L\u00f6wenhaus\", we use the second station of the Innsbruck Nordkettenbahnen in the valley as a location for the omg ibk as well. At first glance, the station \"L\u00f6wenhaus\" presents itself as an unmistakable continuation of the architectural masterpieces by Zaha Hadid: the tour starts at the \"Congress\", continues at the \u201cL\u00f6wenhaus\u201d and the \"Alpenzoo\", and finally ends at the \"Hungerburg\". The extraordinary architecture offers the artists a \"canvas\" that could hardly be more exciting.<br \/><\/span><\/p>\t\t\t\t\t\t<\/div>\n\t\t\t\t<\/div>\n\t\t\t\t<div class=\"elementor-element elementor-element-65ed82f elementor-widget elementor-widget-heading\" data-id=\"65ed82f\" data-element_type=\"widget\" id=\"werk\" data-widget_type=\"heading.default\">\n\t\t\t\t<div class=\"elementor-widget-container\">\n\t\t\t<h3 class=\"elementor-heading-title elementor-size-default\">Werk<\/h3>\t\t<\/div>\n\t\t\t\t<\/div>\n\t\t\t\t<div class=\"elementor-element elementor-element-e3c2cff elementor-aspect-ratio-169 elementor-widget elementor-widget-video\" data-id=\"e3c2cff\" data-element_type=\"widget\" data-settings=\"{&quot;video_type&quot;:&quot;hosted&quot;,&quot;loop&quot;:&quot;yes&quot;,&quot;controls&quot;:&quot;yes&quot;,&quot;aspect_ratio&quot;:&quot;169&quot;}\" data-widget_type=\"video.default\">\n\t\t\t\t<div class=\"elementor-widget-container\">\n\t\t\t<style>\/*! elementor - v3.6.2 - 04-04-2022 *\/\n.elementor-widget-video .elementor-widget-container{overflow:hidden;-webkit-transform:translateZ(0);transform:translateZ(0)}.elementor-widget-video .elementor-open-inline .elementor-custom-embed-image-overlay{position:absolute;top:0;left:0;width:100%;height:100%;background-size:cover;background-position:50%}.elementor-widget-video .elementor-custom-embed-image-overlay{cursor:pointer;text-align:center}.elementor-widget-video .elementor-custom-embed-image-overlay:hover .elementor-custom-embed-play i{opacity:1}.elementor-widget-video .elementor-custom-embed-image-overlay img{display:block;width:100%}.elementor-widget-video .e-hosted-video .elementor-video{-o-object-fit:cover;object-fit:cover}<\/style>\t\t<div class=\"e-hosted-video elementor-wrapper elementor-fit-aspect-ratio elementor-open-inline\">\n\t\t\t\t\t<video class=\"elementor-video\" src=\"http:\/\/omg-ibk.at\/wp-content\/uploads\/2022\/09\/Christoph-Hinterhuber-und-Hoolschopper.mp4\" loop=\"\" controls=\"\" controlslist=\"nodownload\"><\/video>\n\t\t\t\t<\/div>\n\t\t\t\t<\/div>\n\t\t\t\t<\/div>\n\t\t\t\t<div class=\"elementor-element elementor-element-0bb6af0 elementor-widget elementor-widget-image\" data-id=\"0bb6af0\" data-element_type=\"widget\" data-widget_type=\"image.default\">\n\t\t\t\t<div class=\"elementor-widget-container\">\n\t\t\t\t\t\t\t\t\t\t\t\t\t\t\t<img decoding=\"async\" width=\"257\" height=\"300\" src=\"https:\/\/omg-ibk.at\/wp-content\/uploads\/2022\/10\/Christoph-Hinterhuber-257x300.png\" class=\"attachment-medium size-medium\" alt=\"\" loading=\"lazy\" srcset=\"https:\/\/omg-ibk.at\/wp-content\/uploads\/2022\/10\/Christoph-Hinterhuber-257x300.png 257w, https:\/\/omg-ibk.at\/wp-content\/uploads\/2022\/10\/Christoph-Hinterhuber-878x1024.png 878w, https:\/\/omg-ibk.at\/wp-content\/uploads\/2022\/10\/Christoph-Hinterhuber-768x896.png 768w, https:\/\/omg-ibk.at\/wp-content\/uploads\/2022\/10\/Christoph-Hinterhuber-1317x1536.png 1317w, https:\/\/omg-ibk.at\/wp-content\/uploads\/2022\/10\/Christoph-Hinterhuber-10x12.png 10w, https:\/\/omg-ibk.at\/wp-content\/uploads\/2022\/10\/Christoph-Hinterhuber.png 1740w\" sizes=\"(max-width: 257px) 100vw, 257px\" \/>\t\t\t\t\t\t\t\t\t\t\t\t\t\t\t<\/div>\n\t\t\t\t<\/div>\n\t\t\t\t<div class=\"elementor-element elementor-element-3c1d7bf elementor-widget elementor-widget-text-editor\" data-id=\"3c1d7bf\" data-element_type=\"widget\" data-widget_type=\"text-editor.default\">\n\t\t\t\t<div class=\"elementor-widget-container\">\n\t\t\t\t\t\t\t<h3><span class=\"tojvnm2t a6sixzi8 abs2jz4q a8s20v7p t1p8iaqh k5wvi7nf q3lfd5jv pk4s997a bipmatt0 cebpdrjk qowsmv63 owwhemhu dp1hu0rb dhp61c6y iyyx5f41\">Project location <\/span><\/h3>\t\t\t\t\t\t<\/div>\n\t\t\t\t<\/div>\n\t\t\t\t<div class=\"elementor-element elementor-element-7cf22e93 elementor-widget elementor-widget-image\" data-id=\"7cf22e93\" data-element_type=\"widget\" data-widget_type=\"image.default\">\n\t\t\t\t<div class=\"elementor-widget-container\">\n\t\t\t\t\t\t\t\t\t\t\t\t<figure class=\"wp-caption\">\n\t\t\t\t\t\t\t\t\t\t<img decoding=\"async\" width=\"768\" height=\"1024\" src=\"https:\/\/omg-ibk.at\/wp-content\/uploads\/2022\/04\/6a-768x1024.jpg\" class=\"attachment-medium_large size-medium_large\" alt=\"\" loading=\"lazy\" srcset=\"https:\/\/omg-ibk.at\/wp-content\/uploads\/2022\/04\/6a-768x1024.jpg 768w, https:\/\/omg-ibk.at\/wp-content\/uploads\/2022\/04\/6a-225x300.jpg 225w, https:\/\/omg-ibk.at\/wp-content\/uploads\/2022\/04\/6a-1152x1536.jpg 1152w, https:\/\/omg-ibk.at\/wp-content\/uploads\/2022\/04\/6a-1536x2048.jpg 1536w, https:\/\/omg-ibk.at\/wp-content\/uploads\/2022\/04\/6a-scaled.jpg 1920w\" sizes=\"(max-width: 768px) 100vw, 768px\" \/>\t\t\t\t\t\t\t\t\t\t\t<figcaption class=\"widget-image-caption wp-caption-text\">Fotocredit: Bertram Schrettl<\/figcaption>\n\t\t\t\t\t\t\t\t\t\t<\/figure>\n\t\t\t\t\t\t\t\t\t<\/div>\n\t\t\t\t<\/div>\n\t\t\t\t\t<\/div>\n\t\t<\/div>\n\t\t\t\t\t\t\t<\/div>\n\t\t<\/section>\n\t\t\t\t\t\t\t<\/div>","protected":false},"excerpt":{"rendered":"<p>Zur\u00fcck Christoph Hinterhuber Fotocredit: Rainer Iglar Christoph Hinterhuber arbeitet mit einem stark konzeptuellen und vom Digitalen gepr\u00e4gten Ansatz. Sein Werk fokussiert aus verschiedenen Blickwinkeln Fragen der Abstraktion und des Raums. Miteinander &#8218;verwoben werden Bildr\u00e4ume, Handlungsr\u00e4ume, digitaler und virtueller Raum, semiotischer Raum, architektonischer Raum, Sprachraum, Klangraum, \u00f6ffentlicher Raum, soziale, kognitive und historische R\u00e4ume. Hinterhubers Arbeiten realisieren [&hellip;]<\/p>","protected":false},"author":1,"featured_media":0,"parent":0,"menu_order":0,"comment_status":"closed","ping_status":"closed","template":"elementor_canvas","meta":{"om_disable_all_campaigns":false,"_monsterinsights_skip_tracking":false,"_monsterinsights_sitenote_active":false,"_monsterinsights_sitenote_note":"","_monsterinsights_sitenote_category":0},"_links":{"self":[{"href":"https:\/\/omg-ibk.at\/en\/wp-json\/wp\/v2\/pages\/1224"}],"collection":[{"href":"https:\/\/omg-ibk.at\/en\/wp-json\/wp\/v2\/pages"}],"about":[{"href":"https:\/\/omg-ibk.at\/en\/wp-json\/wp\/v2\/types\/page"}],"author":[{"embeddable":true,"href":"https:\/\/omg-ibk.at\/en\/wp-json\/wp\/v2\/users\/1"}],"replies":[{"embeddable":true,"href":"https:\/\/omg-ibk.at\/en\/wp-json\/wp\/v2\/comments?post=1224"}],"version-history":[{"count":75,"href":"https:\/\/omg-ibk.at\/en\/wp-json\/wp\/v2\/pages\/1224\/revisions"}],"predecessor-version":[{"id":1895,"href":"https:\/\/omg-ibk.at\/en\/wp-json\/wp\/v2\/pages\/1224\/revisions\/1895"}],"wp:attachment":[{"href":"https:\/\/omg-ibk.at\/en\/wp-json\/wp\/v2\/media?parent=1224"}],"curies":[{"name":"wp","href":"https:\/\/api.w.org\/{rel}","templated":true}]}}