{"id":1120,"date":"2022-04-17T18:27:13","date_gmt":"2022-04-17T16:27:13","guid":{"rendered":"https:\/\/omg-ibk.at\/?page_id=1120"},"modified":"2022-11-28T17:31:32","modified_gmt":"2022-11-28T16:31:32","slug":"clemens-ascher","status":"publish","type":"page","link":"https:\/\/omg-ibk.at\/en\/clemens-ascher\/","title":{"rendered":"Clemens Ascher"},"content":{"rendered":"<div data-elementor-type=\"wp-page\" data-elementor-id=\"1120\" class=\"elementor elementor-1120\">\n\t\t\t\t\t\t\t\t\t<section class=\"elementor-section elementor-top-section elementor-element elementor-element-3f9e8df5 elementor-section-full_width animated-slow elementor-section-height-default elementor-section-height-default elementor-invisible\" data-id=\"3f9e8df5\" data-element_type=\"section\" data-settings=\"{&quot;background_background&quot;:&quot;classic&quot;,&quot;sticky&quot;:&quot;top&quot;,&quot;animation&quot;:&quot;fadeIn&quot;,&quot;sticky_on&quot;:[&quot;desktop&quot;,&quot;tablet&quot;,&quot;mobile&quot;],&quot;sticky_offset&quot;:0,&quot;sticky_effects_offset&quot;:0}\">\n\t\t\t\t\t\t<div class=\"elementor-container elementor-column-gap-default\">\n\t\t\t\t\t<div class=\"elementor-column elementor-col-100 elementor-top-column elementor-element elementor-element-b0d5f98\" data-id=\"b0d5f98\" data-element_type=\"column\">\n\t\t\t<div class=\"elementor-widget-wrap elementor-element-populated\">\n\t\t\t\t\t\t\t\t<div class=\"elementor-element elementor-element-1458b25d elementor-align-left elementor-widget elementor-widget-button\" data-id=\"1458b25d\" data-element_type=\"widget\" id=\"slide-0\" data-settings=\"{&quot;sticky&quot;:&quot;top&quot;,&quot;sticky_on&quot;:[&quot;desktop&quot;,&quot;tablet&quot;,&quot;mobile&quot;],&quot;sticky_offset&quot;:0,&quot;sticky_effects_offset&quot;:0}\" data-widget_type=\"button.default\">\n\t\t\t\t<div class=\"elementor-widget-container\">\n\t\t\t\t\t<div class=\"elementor-button-wrapper\">\n\t\t\t<a href=\"https:\/\/omg-ibk.at\/en\/#galery\" class=\"elementor-button-link elementor-button elementor-size-sm elementor-animation-shrink\" role=\"button\">\n\t\t\t\t\t\t<span class=\"elementor-button-content-wrapper\">\n\t\t\t\t\t\t<span class=\"elementor-button-text\">Home<\/span>\n\t\t<\/span>\n\t\t\t\t\t<\/a>\n\t\t<\/div>\n\t\t\t\t<\/div>\n\t\t\t\t<\/div>\n\t\t\t\t\t<\/div>\n\t\t<\/div>\n\t\t\t\t\t\t\t<\/div>\n\t\t<\/section>\n\t\t\t\t<section class=\"elementor-section elementor-top-section elementor-element elementor-element-6afb0280 elementor-section-boxed elementor-section-height-default elementor-section-height-default\" data-id=\"6afb0280\" data-element_type=\"section\" data-settings=\"{&quot;background_background&quot;:&quot;classic&quot;}\">\n\t\t\t\t\t\t<div class=\"elementor-container elementor-column-gap-default\">\n\t\t\t\t\t<div class=\"elementor-column elementor-col-100 elementor-top-column elementor-element elementor-element-33359846\" data-id=\"33359846\" data-element_type=\"column\">\n\t\t\t<div class=\"elementor-widget-wrap elementor-element-populated\">\n\t\t\t\t\t\t\t\t<div class=\"elementor-element elementor-element-679b4fd elementor-widget elementor-widget-heading\" data-id=\"679b4fd\" data-element_type=\"widget\" data-widget_type=\"heading.default\">\n\t\t\t\t<div class=\"elementor-widget-container\">\n\t\t\t<style>\/*! elementor - v3.6.2 - 04-04-2022 *\/\n.elementor-heading-title{padding:0;margin:0;line-height:1}.elementor-widget-heading .elementor-heading-title[class*=elementor-size-]>a{color:inherit;font-size:inherit;line-height:inherit}.elementor-widget-heading .elementor-heading-title.elementor-size-small{font-size:15px}.elementor-widget-heading .elementor-heading-title.elementor-size-medium{font-size:19px}.elementor-widget-heading .elementor-heading-title.elementor-size-large{font-size:29px}.elementor-widget-heading .elementor-heading-title.elementor-size-xl{font-size:39px}.elementor-widget-heading .elementor-heading-title.elementor-size-xxl{font-size:59px}<\/style><h2 class=\"elementor-heading-title elementor-size-default\">Clemens Ascher<\/h2>\t\t<\/div>\n\t\t\t\t<\/div>\n\t\t\t\t<div class=\"elementor-element elementor-element-42eb7451 elementor-widget elementor-widget-image\" data-id=\"42eb7451\" data-element_type=\"widget\" data-widget_type=\"image.default\">\n\t\t\t\t<div class=\"elementor-widget-container\">\n\t\t\t<style>\/*! elementor - v3.6.2 - 04-04-2022 *\/\n.elementor-widget-image{text-align:center}.elementor-widget-image a{display:inline-block}.elementor-widget-image a img[src$=\".svg\"]{width:48px}.elementor-widget-image img{vertical-align:middle;display:inline-block}<\/style>\t\t\t\t\t\t\t\t\t<figure class=\"wp-caption\">\n\t\t\t\t\t\t\t\t\t\t<img decoding=\"async\" width=\"800\" height=\"420\" src=\"https:\/\/omg-ibk.at\/wp-content\/uploads\/2022\/04\/1-1-1024x538.jpg\" class=\"attachment-large size-large\" alt=\"\" loading=\"lazy\" srcset=\"https:\/\/omg-ibk.at\/wp-content\/uploads\/2022\/04\/1-1-1024x538.jpg 1024w, https:\/\/omg-ibk.at\/wp-content\/uploads\/2022\/04\/1-1-300x158.jpg 300w, https:\/\/omg-ibk.at\/wp-content\/uploads\/2022\/04\/1-1-768x403.jpg 768w, https:\/\/omg-ibk.at\/wp-content\/uploads\/2022\/04\/1-1.jpg 1200w\" sizes=\"(max-width: 800px) 100vw, 800px\" \/>\t\t\t\t\t\t\t\t\t\t\t<figcaption class=\"widget-image-caption wp-caption-text\">Fotocredit: Clemens Ascher<\/figcaption>\n\t\t\t\t\t\t\t\t\t\t<\/figure>\n\t\t\t\t\t\t\t\t\t<\/div>\n\t\t\t\t<\/div>\n\t\t\t\t<div class=\"elementor-element elementor-element-1fc3837a elementor-widget elementor-widget-text-editor\" data-id=\"1fc3837a\" data-element_type=\"widget\" data-widget_type=\"text-editor.default\">\n\t\t\t\t<div class=\"elementor-widget-container\">\n\t\t\t<style>\/*! elementor - v3.6.2 - 04-04-2022 *\/\n.elementor-widget-text-editor.elementor-drop-cap-view-stacked .elementor-drop-cap{background-color:#818a91;color:#fff}.elementor-widget-text-editor.elementor-drop-cap-view-framed .elementor-drop-cap{color:#818a91;border:3px solid;background-color:transparent}.elementor-widget-text-editor:not(.elementor-drop-cap-view-default) .elementor-drop-cap{margin-top:8px}.elementor-widget-text-editor:not(.elementor-drop-cap-view-default) .elementor-drop-cap-letter{width:1em;height:1em}.elementor-widget-text-editor .elementor-drop-cap{float:left;text-align:center;line-height:1;font-size:50px}.elementor-widget-text-editor .elementor-drop-cap-letter{display:inline-block}<\/style>\t\t\t\t<p class=\" translation-block\">What at first glance seems like an easily digestible feast for the eyes actually deals with some of the most relevant and disturbing issues of our time. Social control through generated desires, alienation from nature and other uncomfortable contemporary truths represent the superstructure to Clemens Ascher's photographs.<\/p><p class=\" translation-block\">While these constructed worlds are reminiscent of theatrical backdrops, there is something eerie and puppet-like about their protagonists. Ascher combines various styles and themes from art history as well as images from our collective memory in order to make new contemporary statements.\nFormally, his often large-format works have painterly aspects, with greatly modified perspectives and almost abstract compositions. For more than seven years, Ascher has been developing this body of work \u2013 a world constructed in the same way as the belief systems he satirizes.<\/p><p class=\" translation-block\">The Tyrolean photographer Clemens Ascher (*1983) is known for his conceptual, staged photography and his photorealistic collages. His works have gained international presence and are widely published.<\/p><p><strong><a href=\"http:\/\/www.clemensascher.com\" target=\"_blank\" rel=\"noopener\">www.clemensascher.com<\/a><\/strong><\/p><p><em>Text: Nadine Barth<\/em><br \/><em>Freelance curator and editor at Hatje Cantz<\/em><\/p>\t\t\t\t\t\t<\/div>\n\t\t\t\t<\/div>\n\t\t\t\t<div class=\"elementor-element elementor-element-7ca1c711 elementor-widget elementor-widget-image\" data-id=\"7ca1c711\" data-element_type=\"widget\" data-widget_type=\"image.default\">\n\t\t\t\t<div class=\"elementor-widget-container\">\n\t\t\t\t\t\t\t\t\t\t\t\t<figure class=\"wp-caption\">\n\t\t\t\t\t\t\t\t\t\t<img decoding=\"async\" width=\"768\" height=\"768\" src=\"https:\/\/omg-ibk.at\/wp-content\/uploads\/2022\/04\/2-768x768.jpg\" class=\"attachment-medium_large size-medium_large\" alt=\"\" loading=\"lazy\" srcset=\"https:\/\/omg-ibk.at\/wp-content\/uploads\/2022\/04\/2-768x768.jpg 768w, https:\/\/omg-ibk.at\/wp-content\/uploads\/2022\/04\/2-300x300.jpg 300w, https:\/\/omg-ibk.at\/wp-content\/uploads\/2022\/04\/2-1024x1024.jpg 1024w, https:\/\/omg-ibk.at\/wp-content\/uploads\/2022\/04\/2-150x150.jpg 150w, https:\/\/omg-ibk.at\/wp-content\/uploads\/2022\/04\/2.jpg 1182w\" sizes=\"(max-width: 768px) 100vw, 768px\" \/>\t\t\t\t\t\t\t\t\t\t\t<figcaption class=\"widget-image-caption wp-caption-text\">Fotocredit: Clemens Ascher<\/figcaption>\n\t\t\t\t\t\t\t\t\t\t<\/figure>\n\t\t\t\t\t\t\t\t\t<\/div>\n\t\t\t\t<\/div>\n\t\t\t\t<div class=\"elementor-element elementor-element-92c1009 elementor-widget elementor-widget-heading\" data-id=\"92c1009\" data-element_type=\"widget\" data-widget_type=\"heading.default\">\n\t\t\t\t<div class=\"elementor-widget-container\">\n\t\t\t<h2 class=\"elementor-heading-title elementor-size-default\">For the omg...<\/h2>\t\t<\/div>\n\t\t\t\t<\/div>\n\t\t\t\t<div class=\"elementor-element elementor-element-6cd4751b elementor-widget elementor-widget-text-editor\" data-id=\"6cd4751b\" data-element_type=\"widget\" data-widget_type=\"text-editor.default\">\n\t\t\t\t<div class=\"elementor-widget-container\">\n\t\t\t\t\t\t\t<p>... Clemens Ascher wants to incite, not so say breathe life into the surreal sceneries that he captures by camera and make his style so unmistakable. For the omg ibk, he will create a QR code at the Plattform mobile Kulturinitiativen (better known as p.m.k.) in the Viaduktb\u00f6gen.<\/p>\t\t\t\t\t\t<\/div>\n\t\t\t\t<\/div>\n\t\t\t\t<div class=\"elementor-element elementor-element-c31572f elementor-widget elementor-widget-heading\" data-id=\"c31572f\" data-element_type=\"widget\" id=\"werk\" data-widget_type=\"heading.default\">\n\t\t\t\t<div class=\"elementor-widget-container\">\n\t\t\t<h2 class=\"elementor-heading-title elementor-size-default\">Werk<\/h2>\t\t<\/div>\n\t\t\t\t<\/div>\n\t\t\t\t<div class=\"elementor-element elementor-element-7b6b550 elementor-aspect-ratio-169 elementor-widget elementor-widget-video\" data-id=\"7b6b550\" data-element_type=\"widget\" data-settings=\"{&quot;video_type&quot;:&quot;hosted&quot;,&quot;loop&quot;:&quot;yes&quot;,&quot;controls&quot;:&quot;yes&quot;,&quot;aspect_ratio&quot;:&quot;169&quot;}\" data-widget_type=\"video.default\">\n\t\t\t\t<div class=\"elementor-widget-container\">\n\t\t\t<style>\/*! elementor - v3.6.2 - 04-04-2022 *\/\n.elementor-widget-video .elementor-widget-container{overflow:hidden;-webkit-transform:translateZ(0);transform:translateZ(0)}.elementor-widget-video .elementor-open-inline .elementor-custom-embed-image-overlay{position:absolute;top:0;left:0;width:100%;height:100%;background-size:cover;background-position:50%}.elementor-widget-video .elementor-custom-embed-image-overlay{cursor:pointer;text-align:center}.elementor-widget-video .elementor-custom-embed-image-overlay:hover .elementor-custom-embed-play i{opacity:1}.elementor-widget-video .elementor-custom-embed-image-overlay img{display:block;width:100%}.elementor-widget-video .e-hosted-video .elementor-video{-o-object-fit:cover;object-fit:cover}<\/style>\t\t<div class=\"e-hosted-video elementor-wrapper elementor-fit-aspect-ratio elementor-open-inline\">\n\t\t\t\t\t<video class=\"elementor-video\" src=\"http:\/\/omg-ibk.at\/wp-content\/uploads\/2022\/09\/Clemens-Ascher-ohne-letterbox.mp4\" loop=\"\" controls=\"\" controlslist=\"nodownload\"><\/video>\n\t\t\t\t<\/div>\n\t\t\t\t<\/div>\n\t\t\t\t<\/div>\n\t\t\t\t<div class=\"elementor-element elementor-element-2a35183 elementor-widget elementor-widget-image\" data-id=\"2a35183\" data-element_type=\"widget\" data-widget_type=\"image.default\">\n\t\t\t\t<div class=\"elementor-widget-container\">\n\t\t\t\t\t\t\t\t\t\t\t\t\t\t\t<img decoding=\"async\" width=\"257\" height=\"300\" src=\"https:\/\/omg-ibk.at\/wp-content\/uploads\/2022\/10\/Clemens-Ascher-257x300.png\" class=\"attachment-medium size-medium\" alt=\"\" loading=\"lazy\" srcset=\"https:\/\/omg-ibk.at\/wp-content\/uploads\/2022\/10\/Clemens-Ascher-257x300.png 257w, https:\/\/omg-ibk.at\/wp-content\/uploads\/2022\/10\/Clemens-Ascher-878x1024.png 878w, https:\/\/omg-ibk.at\/wp-content\/uploads\/2022\/10\/Clemens-Ascher-768x896.png 768w, https:\/\/omg-ibk.at\/wp-content\/uploads\/2022\/10\/Clemens-Ascher-1317x1536.png 1317w, https:\/\/omg-ibk.at\/wp-content\/uploads\/2022\/10\/Clemens-Ascher-10x12.png 10w, https:\/\/omg-ibk.at\/wp-content\/uploads\/2022\/10\/Clemens-Ascher.png 1740w\" sizes=\"(max-width: 257px) 100vw, 257px\" \/>\t\t\t\t\t\t\t\t\t\t\t\t\t\t\t<\/div>\n\t\t\t\t<\/div>\n\t\t\t\t<div class=\"elementor-element elementor-element-3c1d7bf elementor-widget elementor-widget-text-editor\" data-id=\"3c1d7bf\" data-element_type=\"widget\" data-widget_type=\"text-editor.default\">\n\t\t\t\t<div class=\"elementor-widget-container\">\n\t\t\t\t\t\t\t<h3>Project location<\/h3>\t\t\t\t\t\t<\/div>\n\t\t\t\t<\/div>\n\t\t\t\t<div class=\"elementor-element elementor-element-7cf22e93 elementor-widget elementor-widget-image\" data-id=\"7cf22e93\" data-element_type=\"widget\" data-widget_type=\"image.default\">\n\t\t\t\t<div class=\"elementor-widget-container\">\n\t\t\t\t\t\t\t\t\t\t\t\t\t\t\t<img decoding=\"async\" width=\"768\" height=\"511\" src=\"https:\/\/omg-ibk.at\/wp-content\/uploads\/2022\/04\/4-1-768x511.jpg\" class=\"attachment-medium_large size-medium_large\" alt=\"\" loading=\"lazy\" srcset=\"https:\/\/omg-ibk.at\/wp-content\/uploads\/2022\/04\/4-1-768x511.jpg 768w, https:\/\/omg-ibk.at\/wp-content\/uploads\/2022\/04\/4-1-300x200.jpg 300w, https:\/\/omg-ibk.at\/wp-content\/uploads\/2022\/04\/4-1-1024x682.jpg 1024w, https:\/\/omg-ibk.at\/wp-content\/uploads\/2022\/04\/4-1-1536x1022.jpg 1536w, https:\/\/omg-ibk.at\/wp-content\/uploads\/2022\/04\/4-1.jpg 1920w\" sizes=\"(max-width: 768px) 100vw, 768px\" \/>\t\t\t\t\t\t\t\t\t\t\t\t\t\t\t<\/div>\n\t\t\t\t<\/div>\n\t\t\t\t\t<\/div>\n\t\t<\/div>\n\t\t\t\t\t\t\t<\/div>\n\t\t<\/section>\n\t\t\t\t\t\t\t<\/div>","protected":false},"excerpt":{"rendered":"<p>Zur\u00fcck Clemens Ascher Fotocredit: Clemens Ascher Was auf den ersten Blick wie ein leicht verdaulicher Augenschmaus erscheint, verhandelt tats\u00e4chlich einige der relevantesten und beunruhigendsten Themen unserer Zeit. Gesellschaftliche Kontrolle durch generierte W\u00fcnsche, Entfremdung von der Natur und andere unbequeme zeitgen\u00f6ssische Wahrheiten schaffen den \u00dcberbau zu Clemens Aschers Fotografien. W\u00e4hrend diese konstruierten Welten an Theaterkulissen erinnern, [&hellip;]<\/p>","protected":false},"author":1,"featured_media":0,"parent":0,"menu_order":0,"comment_status":"closed","ping_status":"closed","template":"elementor_canvas","meta":{"om_disable_all_campaigns":false,"_monsterinsights_skip_tracking":false,"_monsterinsights_sitenote_active":false,"_monsterinsights_sitenote_note":"","_monsterinsights_sitenote_category":0},"_links":{"self":[{"href":"https:\/\/omg-ibk.at\/en\/wp-json\/wp\/v2\/pages\/1120"}],"collection":[{"href":"https:\/\/omg-ibk.at\/en\/wp-json\/wp\/v2\/pages"}],"about":[{"href":"https:\/\/omg-ibk.at\/en\/wp-json\/wp\/v2\/types\/page"}],"author":[{"embeddable":true,"href":"https:\/\/omg-ibk.at\/en\/wp-json\/wp\/v2\/users\/1"}],"replies":[{"embeddable":true,"href":"https:\/\/omg-ibk.at\/en\/wp-json\/wp\/v2\/comments?post=1120"}],"version-history":[{"count":115,"href":"https:\/\/omg-ibk.at\/en\/wp-json\/wp\/v2\/pages\/1120\/revisions"}],"predecessor-version":[{"id":1894,"href":"https:\/\/omg-ibk.at\/en\/wp-json\/wp\/v2\/pages\/1120\/revisions\/1894"}],"wp:attachment":[{"href":"https:\/\/omg-ibk.at\/en\/wp-json\/wp\/v2\/media?parent=1120"}],"curies":[{"name":"wp","href":"https:\/\/api.w.org\/{rel}","templated":true}]}}